{"id":595,"date":"2015-06-29T22:16:20","date_gmt":"2015-06-29T22:16:20","guid":{"rendered":"https:\/\/parafiatokarnia.pl\/?page_id=595"},"modified":"2015-07-07T13:27:43","modified_gmt":"2015-07-07T13:27:43","slug":"stowarzyszenie-zywego-rozanca","status":"publish","type":"page","link":"https:\/\/parafiatokarnia.pl\/?page_id=595","title":{"rendered":"Stowarzyszenie \u017bywego R\u00f3\u017ca\u0144ca"},"content":{"rendered":"<p style=\"text-align: justify;\">\u00abModlitwa r\u00f3\u017ca\u0144cowa jest modlitw\u0105 cz\u0142owieka za cz\u0142owieka; jest modlitw\u0105 ludzkiej solidarno\u015bci, modlitw\u0105 wsp\u00f3ln\u0105 odkupionych, kt\u00f3ra odbija w sobie ducha i intencje pierwszej z odkupionych, Maryi, Matki i obrazu Ko\u015bcio\u0142a; jest modlitw\u0105 za wszystkich ludzi \u015bwiata i historii, \u017cywych i umar\u0142ych, powo\u0142anych do tworzenia wraz z nami Cia\u0142a Chrystusa i do stania si\u0119 wraz z Nim wsp\u00f3\u0142dziedzicami chwa\u0142y Ojca\u00bb. (Jan Pawe\u0142 II)<\/p>\n<p style=\"text-align: justify;\">HISTORIA STOWARZYSZENIA \u017bYWEGO R\u00d3\u017bA\u0143CA<\/p>\n<p style=\"text-align: justify;\">Od po\u0142owy XIX wieku najbardziej popularn\u0105 r\u00f3\u017ca\u0144cow\u0105 wsp\u00f3lnot\u0119 modlitewn\u0105 stanowi Stowarzyszenie \u017bywego R\u00f3\u017ca\u0144ca, za\u0142o\u017cone przez Paulin\u0119 Jaricot (1799\u20131862) w Lyonie w roku 1826. &#8222;Najwa\u017cniejsz\u0105&#8230; rzecz\u0105 i najtrudniejsz\u0105 jest uczyni\u0107 r\u00f3\u017caniec modlitw\u0105 wszystkich&#8221; \u2013 napisa\u0142a wtedy. Ka\u017cdy cz\u0142owiek mo\u017ce znale\u017a\u0107 w ci\u0105gu dnia kilka minut, aby odm\u00f3wi\u0107 dziesi\u0105tek r\u00f3\u017ca\u0144ca, czyli jedn\u0105 tajemnic\u0119. Paulina Jaricot zacz\u0119\u0142a organizowa\u0107 pi\u0119tnastoosobowe grupy, nazwane p\u00f3\u017aniej \u00ab\u017cywymi r\u00f3\u017cami\u00bb. Ka\u017cda z os\u00f3b tworz\u0105cych pi\u0119tnastk\u0119 zobowi\u0105zywa\u0142a si\u0119 do odmawiania jednej tajemnicy, czyli wszyscy razem odmawiaj\u0105 codziennie ca\u0142y r\u00f3\u017caniec. Wszystkich cz\u0142onk\u00f3w r\u00f3\u017cy dotyczy taka sama zas\u0142uga jakby odm\u00f3wili ca\u0142y r\u00f3\u017caniec. Nieodm\u00f3wienie tajemnicy nie oznacza grzechu, a utrat\u0119 zas\u0142ugi. Celem Stowarzyszenia \u017bywego R\u00f3\u017ca\u0144ca jest wed\u0142ug Za\u0142o\u017cycielki wspieranie modlitw\u0105, ofiar\u0105 duchow\u0105 i materialn\u0105 dzia\u0142a\u0144 misyjnych Ko\u015bcio\u0142a. Dzie\u0142u Pauliny Jaricot udzieli\u0142o poparcia wielu biskup\u00f3w oraz ojciec genera\u0142 Zakonu Kaznodziejskiego, kt\u00f3ry przy\u0142\u0105czy\u0142 Stowarzyszenie \u017bywego R\u00f3\u017ca\u0144ca do wielkiej historycznej dominika\u0144skiej Rodziny R\u00f3\u017ca\u0144cowej, obejmuj\u0105cej Bractwa R\u00f3\u017ca\u0144cowe i R\u00f3\u017caniec Wieczysty. Wkr\u00f3tce papie\u017c Grzegorz XVI wyda\u0142 'breve&#8217; aprobuj\u0105ce stowarzyszenie. \u017bywy R\u00f3\u017caniec w kr\u00f3tkim czasie rozprzestrzeni\u0142 si\u0119 w ca\u0142ej Francji, a nast\u0119pnie na \u015bwiecie. Po pi\u0119ciu latach, w roku 1831, Paulina Jaricot napisa\u0142a:\u2028 &#8222;Liczba odmawiaj\u0105cych dziesi\u0105tek r\u00f3\u017ca\u0144ca ro\u015bnie z niewiarygodn\u0105 szybko\u015bci\u0105 we W\u0142oszech, Szwajcarii, Belgii, Anglii i wielu regionach Ameryki. (&#8230;) Wsz\u0119dzie, gdzie tworz\u0105 si\u0119 pi\u0119tnastki, mo\u017cna zauwa\u017cy\u0107 nie notowane wcze\u015bniej umacnianie si\u0119 dobra&#8221;. Kilka lat p\u00f3\u017aniej doda\u0142a: &#8222;Stopniowo stajemy si\u0119 zjednoczeni w modlitwie ze wszystkimi lud\u017ami \u015bwiata&#8221;.<\/p>\n<p style=\"text-align: justify;\">Papie\u017c Leon XIII w breve z 13 czerwca 1881 roku napisa\u0142 m.in. \u2028&#8221;Paulinie Jaricot &#8230; zawdzi\u0119czamy szcz\u0119\u015bliwy pomys\u0142 rozdzielenia w\u015br\u00f3d pi\u0119tnastu os\u00f3b pi\u0119tnastu dziesi\u0105tk\u00f3w R\u00f3\u017ca\u0144ca. W ten spos\u00f3b &#8230; cudownie rozpowszechni\u0142a i uczyni\u0142a nieustann\u0105 modlitw\u0119 do Matki Bo\u017cej&#8221;.<\/p>\n<p style=\"text-align: justify;\">Gdy kilkadziesi\u0105t lat p\u00f3\u017aniej powsta\u0142y Papieskie Dzie\u0142a Misyjne, \u017bywy R\u00f3\u017caniec w naturalny spos\u00f3b sta\u0142 si\u0119 ich wiernym wsp\u00f3\u0142pracownikiem.<\/p>\n<p style=\"text-align: justify;\">Rozpoczynaj\u0105c 25. rok swojego pontyfikatu, Jan Pawe\u0142 II w li\u015bcie apostolskim zatytu\u0142owanym \u00abR\u00f3\u017caniec Dziewicy Maryi\u00bb og\u0142osi\u0142 Rok R\u00f3\u017ca\u0144ca (okres od pa\u017adziernika 2002 do pa\u017adziernika 2003 roku). Ojciec \u015awi\u0119ty wprowadzi\u0142 now\u0105 cz\u0119\u015b\u0107 r\u00f3\u017ca\u0144ca, tajemnice \u015bwiat\u0142a, uwzgl\u0119dniaj\u0105ce lata publicznej dzia\u0142alno\u015bci Pana Jezusa, \u00ababy r\u00f3\u017caniec w pe\u0142niejszy spos\u00f3b mo\u017cna by\u0142o nazwa\u0107 streszczeniem Ewangelii\u00bb. Odt\u0105d ca\u0142y r\u00f3\u017caniec liczy 20 tajemnic, czyli \u017cywe r\u00f3\u017ce sk\u0142adaj\u0105 si\u0119 z 20 os\u00f3b.<\/p>\n<p style=\"text-align: justify;\">CEREMONIA\u0141 \u017bYWEGO R\u00d3\u017bA\u0143CA<\/p>\n<p style=\"text-align: justify;\">Obecnie \u017bywy R\u00f3\u017caniec istnieje prawie w ka\u017cdej parafii. Parafialna wsp\u00f3lnota \u017bywego R\u00f3\u017ca\u0144ca jest jednostk\u0105 autonomiczn\u0105, tzn. wsp\u00f3lnoty parafialne nie \u0142\u0105cz\u0105 si\u0119 w struktury og\u00f3lnokrajowe, czy \u015bwiatowe. W Polsce obowi\u0105zuje Ceremonia\u0142 \u017bywego R\u00f3\u017ca\u0144ca, opracowany przez ojca Szymona Niezgod\u0119 OP w roku 1977 dla uczczenia stulecia objawie\u0144 Matki Bo\u017cej w Gietrzwa\u0142dzie, zatwierdzony przez Prymasa Polski, Stefana kardyna\u0142a Wyszy\u0144skiego.<\/p>\n<p style=\"text-align: justify;\">Cz\u0142onkowie \u017bywego R\u00f3\u017ca\u0144ca mog\u0105 dost\u0105pi\u0107 odpustu zupe\u0142nego, pod zwyk\u0142ymi warunkami, osiem razy w roku, mianowicie:<\/p>\n<ul>\n<li style=\"text-align: justify;\">w dniu przyj\u0119cia do \u017bywego R\u00f3\u017ca\u0144ca,<\/li>\n<li style=\"text-align: justify;\">Narodzenia Pana Jezusa (25 XII),<\/li>\n<li style=\"text-align: justify;\">Ofiarowania Pa\u0144skiego (2 II),<\/li>\n<li style=\"text-align: justify;\">Zwiastowania Naj\u015bwi\u0119tszej Maryi Pannie (25 III),<\/li>\n<li style=\"text-align: justify;\">Zmartwychwstania Pa\u0144skiego (zgodnie z kalendarzem liturgicznym),<\/li>\n<li style=\"text-align: justify;\">Wniebowzi\u0119cia Matki Bo\u017cej (15 VIII),<\/li>\n<li style=\"text-align: justify;\">w \u015bwi\u0119to Kr\u00f3lowej R\u00f3\u017ca\u0144ca \u015bwi\u0119tego (w naszej Parafii w pierwsz\u0105 niedziel\u0119 pa\u017adziernika)<\/li>\n<li style=\"text-align: justify;\">oraz Niepokalanego Pocz\u0119cia Maryi (8 XII).<\/li>\n<\/ul>\n<p>&nbsp;<\/p>\n<p style=\"text-align: center;\">\u017bYWY R\u00d3\u017bANIEC \u2013 C E R E M O N I A \u0141<\/p>\n<p style=\"text-align: center;\">(FRAGMENTY)<\/p>\n<p style=\"text-align: justify;\">I. \u017bYWY R\u00d3\u017bANIEC OZNACZA:<\/p>\n<p style=\"text-align: justify;\">a. \u017bycie wed\u0142ug Ewangelii, kt\u00f3ra jest fundamentem i \u017ar\u00f3d\u0142em \u017cycia chrze\u015bcija\u0144skiego. R\u00f3\u017caniec jest modlitw\u0105 ewangeliczn\u0105, poniewa\u017c zawiera Modlitw\u0119 Pa\u0144sk\u0105 i Pozdrowienie Anielskie oraz ewangeliczne Tajemnice naszego odkupienia. Z tego powodu R\u00f3\u017caniec nazywamy streszczeniem lub zbiorem najwa\u017cniejszych prawd Ewangelii.<\/p>\n<p style=\"text-align: justify;\">b. \u017bycie wiar\u0105, nadziej\u0105 i mi\u0142o\u015bci\u0105, nale\u017ce\u0107 bowiem do \u017bywego R\u00f3\u017ca\u0144ca znaczy \u2013 wierzy\u0107 w istnienie Boga i wierzy\u0107 Bogu, kt\u00f3ry przemawia, ufa\u0107 Bogu i w Jego dzie\u0142o zbawienia oraz kocha\u0107 Boga, a w Bogu i dla Boga ludzi. (&#8230;)<\/p>\n<p style=\"text-align: justify;\">c. \u017bywy R\u00f3\u017caniec sk\u0142ada si\u0119 z \u017bYWYCH R\u00d3\u017b. Ka\u017cda R\u00f3\u017ca posiada pi\u0119tna\u015bcie os\u00f3b, z kt\u00f3rych ka\u017cda odmawia codziennie jeden dziesi\u0105tek r\u00f3\u017ca\u0144ca czyli jedn\u0105 tajemnic\u0119, po\u0142\u0105czon\u0105 z rozwa\u017caniem. W ten spos\u00f3b odmawiany jest w R\u00f3\u017cy codziennie ca\u0142y R\u00f3\u017caniec \u2013 pi\u0119tna\u015bcie tajemnic. Jest to jakby wieniec r\u00f3\u017cany sk\u0142adany u st\u00f3p Kr\u00f3lowej.<\/p>\n<p style=\"text-align: justify;\">II. PRZYJMOWANIE DO \u017bYWEGO R\u00d3\u017bA\u0143CA<\/p>\n<p style=\"text-align: justify;\">a. Przyjmowanie do \u017bywego R\u00f3\u017ca\u0144ca dokonuje si\u0119 w ko\u015bciele, najlepiej przy o\u0142tarzu Matki Bo\u017cej, po Mszy \u015bw. lub nabo\u017ce\u0144stwie. (&#8230;)<\/p>\n<p style=\"text-align: justify;\">b. W ka\u017cdej parafii nale\u017cy prowadzi\u0107 Ksi\u0119g\u0119 \u017bywego R\u00f3\u017ca\u0144ca, do kt\u00f3rej wpisuje si\u0119 imi\u0119 i nazwisko przyj\u0119tych. (&#8230;) Przy uzupe\u0142nianiu przyj\u0119cie do \u017bywego R\u00f3\u017ca\u0144ca odbywa si\u0119 bez uroczystych ceremonii i polega na wpisaniu imienia i nazwiska do Ksi\u0119gi, w miejsce osoby, kt\u00f3ra umar\u0142a lub na sta\u0142e wyjecha\u0142a. (&#8230;) Na czele R\u00f3\u017cy stoi zelator lub zelatorka oraz ich zast\u0119pcy. Zelator\u00f3w mog\u0105 wybiera\u0107 sami cz\u0142onkowie \u017bywego R\u00f3\u017ca\u0144ca przy wsp\u00f3\u0142udziale ks. Dyrektora. Ka\u017cda R\u00f3\u017ca obiera sobie Patrona, od kt\u00f3rego bierze nazw\u0119. Wszyscy zelatorzy \u017bywych R\u00f3\u017c tworz\u0105 RAD\u0118 \u017bYWEGO R\u00d3\u017bA\u0143CA, kt\u00f3ra spo\u015br\u00f3d siebie wybiera Prze\u0142o\u017conego i zast\u0119pc\u0119. (&#8230;)<\/p>\n<p style=\"text-align: justify;\">III. MIESI\u0118CZNA ZMIANA TAJEMNIC R\u00d3\u017bA\u0143COWYCH<\/p>\n<p style=\"text-align: justify;\">Raz w miesi\u0105cu cz\u0142onkowie \u017bywego R\u00f3\u017ca\u0144ca dokonuj\u0105 zmiany tajemnic r\u00f3\u017ca\u0144cowych. (&#8230;) Istnieje podw\u00f3jny system zmiany tajemnic, mianowicie przez losowanie lub przez ci\u0105g\u0142\u0105 kolejno\u015b\u0107 tajemnic. (&#8230;)<\/p>\n<p style=\"text-align: justify;\">Zmiana tajemnic w ko\u015bciele nast\u0119puje po Mszy \u015bw. lub po wieczornym nabo\u017ce\u0144stwie. Zawsze przewodniczy jej ks. Dyrektor, kt\u00f3ry w kilku s\u0142owach zach\u0119ca do \u017cycia chrze\u015bcija\u0144skiego, podaje miesi\u0119czn\u0105 intencj\u0119, b\u0142ogos\u0142awi tajemnice przyniesione przez zelatora do o\u0142tarza, wymienia nazwiska zmar\u0142ych w ostatnim miesi\u0105cu cz\u0142onk\u00f3w \u017bywego R\u00f3\u017ca\u0144ca, odmawia jeden dziesi\u0105tek R\u00f3\u017ca\u0144ca i ko\u0144czy nabo\u017ce\u0144stwo pie\u015bni\u0105 maryjn\u0105.<\/p>\n<p style=\"text-align: justify;\">IV. OBOWI\u0104ZKI W \u017bYWYM R\u00d3\u017bA\u0143CU<\/p>\n<p style=\"text-align: justify;\">Obowi\u0105zki cz\u0142onk\u00f3w \u017bywego R\u00f3\u017ca\u0144ca:<\/p>\n<ul>\n<li style=\"text-align: justify;\">Zasadniczym obowi\u0105zkiem jest zapisanie imienia w Ksi\u0119dze i odmawianie codziennie jednego dziesi\u0105tka r\u00f3\u017ca\u0144ca.<\/li>\n<li style=\"text-align: justify;\">Udzia\u0142 w miesi\u0119cznej zmianie tajemnic r\u00f3\u017ca\u0144cowych.<\/li>\n<li style=\"text-align: justify;\">Cz\u0119ste przyst\u0119powanie do Sakrament\u00f3w \u015bwi\u0119tych oraz udzia\u0142 w procesjach maryjnych.<\/li>\n<li style=\"text-align: justify;\">Rozszerzanie czci Maryi przyk\u0142adem \u017cycia i dzia\u0142alno\u015bci\u0105 apostolsk\u0105.<\/li>\n<li style=\"text-align: justify;\">Odwa\u017cne stawanie w obronie wiary i Ko\u015bcio\u0142a na wz\u00f3r \u015bw. Dominika.<\/li>\n<li style=\"text-align: justify;\">Udzia\u0142 w pogrzebie zmar\u0142ego cz\u0142onka \u017bywego R\u00f3\u017ca\u0144ca oraz w mod\u0142ach za spok\u00f3j jego duszy. (&#8230;)<\/li>\n<\/ul>\n<p style=\"text-align: justify;\">UWAGA<\/p>\n<p style=\"text-align: justify;\">\u015awi\u0119ta Penitencjaria udzieli\u0142a cz\u0142onkom \u017bywego R\u00f3\u017ca\u0144ca odpustu zupe\u0142nego, pod zwyk\u0142ymi warunkami, osiem razy w roku, mianowicie:<\/p>\n<ul>\n<li style=\"text-align: justify;\">W dniu przyj\u0119cia do \u017bywego R\u00f3\u017ca\u0144ca<\/li>\n<li style=\"text-align: justify;\">Narodzenia Pana Jezusa<\/li>\n<li style=\"text-align: justify;\">Zmartwychwstania Pa\u0144skiego<\/li>\n<li style=\"text-align: justify;\">Zwiastowania Naj\u015bw. Maryi Pannie<\/li>\n<li style=\"text-align: justify;\">Wniebowzi\u0119cia Matki Bo\u017cej<\/li>\n<li style=\"text-align: justify;\">Kr\u00f3lowej R\u00f3\u017ca\u0144ca \u015bw.<\/li>\n<li style=\"text-align: justify;\">Niepokalanego Pocz\u0119cia Maryi<\/li>\n<li style=\"text-align: justify;\">Ofiarowania Pa\u0144skiego.<\/li>\n<\/ul>\n","protected":false},"excerpt":{"rendered":"<p>\u00abModlitwa r\u00f3\u017ca\u0144cowa jest modlitw\u0105 cz\u0142owieka za cz\u0142owieka; jest modlitw\u0105 ludzkiej solidarno\u015bci, modlitw\u0105 wsp\u00f3ln\u0105 odkupionych, kt\u00f3ra odbija w sobie ducha i intencje pierwszej z odkupionych, Maryi, Matki i obrazu Ko\u015bcio\u0142a; jest modlitw\u0105 za wszystkich ludzi \u015bwiata i historii, \u017cywych i umar\u0142ych, powo\u0142anych do tworzenia wraz z nami Cia\u0142a Chrystusa i do stania si\u0119 wraz z Nim [&hellip;]<\/p>\n","protected":false},"author":4,"featured_media":599,"parent":171,"menu_order":0,"comment_status":"closed","ping_status":"closed","template":"","meta":{"footnotes":""},"class_list":["post-595","page","type-page","status-publish","has-post-thumbnail","hentry"],"_links":{"self":[{"href":"https:\/\/parafiatokarnia.pl\/index.php?rest_route=\/wp\/v2\/pages\/595","targetHints":{"allow":["GET"]}}],"collection":[{"href":"https:\/\/parafiatokarnia.pl\/index.php?rest_route=\/wp\/v2\/pages"}],"about":[{"href":"https:\/\/parafiatokarnia.pl\/index.php?rest_route=\/wp\/v2\/types\/page"}],"author":[{"embeddable":true,"href":"https:\/\/parafiatokarnia.pl\/index.php?rest_route=\/wp\/v2\/users\/4"}],"replies":[{"embeddable":true,"href":"https:\/\/parafiatokarnia.pl\/index.php?rest_route=%2Fwp%2Fv2%2Fcomments&post=595"}],"version-history":[{"count":1,"href":"https:\/\/parafiatokarnia.pl\/index.php?rest_route=\/wp\/v2\/pages\/595\/revisions"}],"predecessor-version":[{"id":596,"href":"https:\/\/parafiatokarnia.pl\/index.php?rest_route=\/wp\/v2\/pages\/595\/revisions\/596"}],"up":[{"embeddable":true,"href":"https:\/\/parafiatokarnia.pl\/index.php?rest_route=\/wp\/v2\/pages\/171"}],"wp:featuredmedia":[{"embeddable":true,"href":"https:\/\/parafiatokarnia.pl\/index.php?rest_route=\/wp\/v2\/media\/599"}],"wp:attachment":[{"href":"https:\/\/parafiatokarnia.pl\/index.php?rest_route=%2Fwp%2Fv2%2Fmedia&parent=595"}],"curies":[{"name":"wp","href":"https:\/\/api.w.org\/{rel}","templated":true}]}}