{"id":509,"date":"2015-06-29T16:23:38","date_gmt":"2015-06-29T16:23:38","guid":{"rendered":"https:\/\/parafiatokarnia.pl\/?page_id=509"},"modified":"2024-04-10T14:49:54","modified_gmt":"2024-04-10T14:49:54","slug":"duszpasterze","status":"publish","type":"page","link":"https:\/\/parafiatokarnia.pl\/?page_id=509","title":{"rendered":"Duszpasterze"},"content":{"rendered":"<p><strong>REKTORZY KO\u015aCIO\u0141A<\/strong><\/p>\n<ol>\n<li>ks. J\u00f3zef Mr\u00f3z (1954)<\/li>\n<li>ks. W\u0142adys\u0142aw Ma\u0107kowski (1955-1961)<\/li>\n<li>ks. Jan Mach (1961-1998)<\/li>\n<\/ol>\n<hr \/>\n<p>&nbsp;<\/p>\n<p><strong>PROBOSZCZOWIE<\/strong><\/p>\n<ol>\n<li>ks. Jerzy Wyporek (1998-2015)<\/li>\n<li>ks. Robert Pietrzyk (2015 &#8211; )<\/li>\n<\/ol>\n<hr \/>\n<p><strong>WIKARIUSZE<\/strong><\/p>\n<ol>\n<li>ks. Stanis\u0142aw Wci\u015blak (1992-1998)<\/li>\n<li>ks. J\u00f3zef Litwa ( 1998-2005)<\/li>\n<li>ks. Jerzy Rokita (2005-2011)<\/li>\n<li>ks. Janusz Skorupa (2011-2013)<\/li>\n<li>ks. Marcin Borowicz (2013-2015)<\/li>\n<li>ks. Krzysztof Litwa (2015 &#8211; )<\/li>\n<\/ol>\n<hr \/>\n<p><strong>KAP\u0141ANI POCHODZ\u0104CY Z PARAFII<\/strong><\/p>\n<ol>\n<li>o. Franciszek Kania, Pallotyn<\/li>\n<li>o. Ignacy Proszek, Redemptorysta<\/li>\n<li>ks. Boles\u0142aw Zadora, Salwatorianin<\/li>\n<li>ks. Antoni Polaniak, Salwatorianin<\/li>\n<li>ks. Tadeusz S\u0142onina, Salwatorianin<\/li>\n<li>o. Antoni Kluska, Bernardyn<\/li>\n<li>ks. S\u0142awomir Filipek<\/li>\n<li>Brat Piotr P\u0119cek, Pallotyn<\/li>\n<li>ks. Micha\u0142 Hans<\/li>\n<\/ol>\n<hr \/>\n<p><strong>SIOSTRY ZAKONNE POCHODZ\u0104CE Z PARAFII<\/strong><\/p>\n<ol>\n<li>s. Karolina Maria Hobot, Zgromadzenie Si\u00f3str Duszy Chrystusowej<\/li>\n<li>s. Boles\u0142awa Sp\u00f3rna, Felicjanka<\/li>\n<li>s. Izabella Bronis\u0142awa Hanusiak, Duchaczka<\/li>\n<li>s. Zyta Kuca\u0142a, Zgromadzenie Si\u00f3str Duszy Chrystusowej<\/li>\n<li>s. Zofia Lenartek, S\u0142u\u017cebniczka Starowiejska<\/li>\n<li>s. Ma\u0142gorzata Rado\u0144, S\u0142u\u017cebniczka Starowiejska<\/li>\n<li>s. Aniela Ko\u0142odziej, Franciszkanka Rodziny Maryi<\/li>\n<li>s. Gra\u017cyna Kluska, Salwatorianka<\/li>\n<li>s. Karolina Hobot, Zgromadzenie Si\u00f3str Duszy Chrystusowej\n<\/ol>\n","protected":false},"excerpt":{"rendered":"<p>REKTORZY KO\u015aCIO\u0141A ks. J\u00f3zef Mr\u00f3z (1954) ks. W\u0142adys\u0142aw Ma\u0107kowski (1955-1961) ks. Jan Mach (1961-1998) &nbsp; PROBOSZCZOWIE ks. Jerzy Wyporek (1998-2015) ks. Robert Pietrzyk (2015 &#8211; ) WIKARIUSZE ks. Stanis\u0142aw Wci\u015blak (1992-1998) ks. J\u00f3zef Litwa ( 1998-2005) ks. Jerzy Rokita (2005-2011) ks. Janusz Skorupa (2011-2013) ks. Marcin Borowicz (2013-2015) ks. Krzysztof Litwa (2015 &#8211; ) KAP\u0141ANI [&hellip;]<\/p>\n","protected":false},"author":2,"featured_media":0,"parent":0,"menu_order":0,"comment_status":"closed","ping_status":"open","template":"","meta":{"footnotes":""},"class_list":["post-509","page","type-page","status-publish","hentry"],"_links":{"self":[{"href":"https:\/\/parafiatokarnia.pl\/index.php?rest_route=\/wp\/v2\/pages\/509","targetHints":{"allow":["GET"]}}],"collection":[{"href":"https:\/\/parafiatokarnia.pl\/index.php?rest_route=\/wp\/v2\/pages"}],"about":[{"href":"https:\/\/parafiatokarnia.pl\/index.php?rest_route=\/wp\/v2\/types\/page"}],"author":[{"embeddable":true,"href":"https:\/\/parafiatokarnia.pl\/index.php?rest_route=\/wp\/v2\/users\/2"}],"replies":[{"embeddable":true,"href":"https:\/\/parafiatokarnia.pl\/index.php?rest_route=%2Fwp%2Fv2%2Fcomments&post=509"}],"version-history":[{"count":14,"href":"https:\/\/parafiatokarnia.pl\/index.php?rest_route=\/wp\/v2\/pages\/509\/revisions"}],"predecessor-version":[{"id":11476,"href":"https:\/\/parafiatokarnia.pl\/index.php?rest_route=\/wp\/v2\/pages\/509\/revisions\/11476"}],"wp:attachment":[{"href":"https:\/\/parafiatokarnia.pl\/index.php?rest_route=%2Fwp%2Fv2%2Fmedia&parent=509"}],"curies":[{"name":"wp","href":"https:\/\/api.w.org\/{rel}","templated":true}]}}