{"id":208,"date":"2015-06-09T09:37:56","date_gmt":"2015-06-09T09:37:56","guid":{"rendered":"https:\/\/parafiatokarnia.pl\/?page_id=208"},"modified":"2025-09-17T17:41:30","modified_gmt":"2025-09-17T17:41:30","slug":"kancelaria","status":"publish","type":"page","link":"https:\/\/parafiatokarnia.pl\/?page_id=208","title":{"rendered":"Kancelaria parafialna"},"content":{"rendered":"<h1 style=\"text-align: center;\"><span style=\"color: #ff0000;\">KANCELARIA PARAFIALNA<\/span><\/h1>\n<h1 style=\"text-align: center;\"><span style=\"color: #ff0000;\">W WAKACJE<\/span><\/h1>\n<p style=\"text-align: center;\">CZYNNA<\/p>\n<h3 style=\"text-align: center;\"><span style=\"color: #000080;\"><strong>WTOREK, CZWARTEK<\/strong><\/span><\/h3>\n<h3 style=\"text-align: center;\"><span style=\"color: #000080;\">po mszy \u015bw. wieczornej do godz. 19.00<\/span><\/h3>\n<h3 style=\"text-align: center;\"><span style=\"color: #000080;\"><strong>SOBOTA<\/strong><\/span><\/h3>\n<h3 style=\"text-align: center;\"><span style=\"color: #000080;\">09:00 &#8211; 10:00<\/span><\/h3>\n<h2 style=\"text-align: center;\"><span style=\"color: #000000;\">email: <a href=\"kancelaria@parafiatokarnia.pl\">kancelaria@parafiatokarnia.pl <\/a><\/span><\/h2>\n<h2 style=\"text-align: center;\"><span style=\"color: #000000;\">telefon: 12 274 70 40<\/span><\/h2>\n<p style=\"text-align: center;\">UWAGA!!!<\/p>\n<p style=\"text-align: justify;\">Metryki chrztu do \u015blubu oraz do I Komunii \u015awi\u0119tej, zapisy dziecka do chrztu, czy za\u015bwiadczenia dla matek i ojc\u00f3w chrzestnych wydawane s\u0105 w godzinach urz\u0119dowania kancelarii. <span style=\"color: #ff0000;\">Zasadniczo dokumenty te wydawane s\u0105 do r\u0105k w\u0142asnych.<\/span><\/p>\n<p style=\"text-align: center;\"><strong><span style=\"color: #800080;\">CHRZTY \u015aW. W NASZEJ PARAFII S\u0104 W III NIEDZIEL\u0118 MIESI\u0104CA<\/span><\/strong><\/p>\n<p style=\"text-align: center;\"><strong><span style=\"color: #800080;\">(NIE DOTYCZY MAJA, KWIETNIA i GRUDNIA)<\/span><\/strong><\/p>\n<p>W sprawach dotycz\u0105cych pogrzebu przyjmujemy o ka\u017cdej porze, bez wzgl\u0119du na wyznaczone godziny urz\u0119dowania.<\/p>\n<p style=\"text-align: justify;\">Nupturienci, kt\u00f3rzy pragn\u0105 zawrze\u0107 zwi\u0105zek ma\u0142\u017ce\u0144ski powinni <strong>zg\u0142osi\u0107 si\u0119 wcze\u015bniej przed planowanym terminem w celu zarezerwowania terminu<\/strong> zawarcia Sakramentu Ma\u0142\u017ce\u0144stwa. Spisanie protoko\u0142u przed\u015blubnego odbywa si\u0119 <strong>po uprzednim indywidualnym um\u00f3wieniu si\u0119 z duszpasterzem<\/strong>.<\/p>\n<p style=\"text-align: center;\"><strong><span style=\"color: #ff0000;\">W Uroczysto\u015bci i \u015bwi\u0119ta ko\u015bcielne &#8211; kancelaria nieczynna.<\/span><\/strong><\/p>\n<p><a title=\"Chrzest\" href=\"https:\/\/parafiatokarnia.pl\/?page_id=135\"><img decoding=\"async\" class=\"sak lazyload\" style=\"--smush-placeholder-width: 300px; --smush-placeholder-aspect-ratio: 300\/169;height: 169px; max-width: 30%; margin: 1%;\" data-src=\"https:\/\/parafiatokarnia.pl\/wp-content\/uploads\/2015\/06\/chrzest-300x238.jpg\" alt=\"chrzest\" width=\"300\" height=\"169\" src=\"data:image\/svg+xml;base64,PHN2ZyB3aWR0aD0iMSIgaGVpZ2h0PSIxIiB4bWxucz0iaHR0cDovL3d3dy53My5vcmcvMjAwMC9zdmciPjwvc3ZnPg==\" \/> <\/a><a title=\"Bierzmowanie\" href=\"https:\/\/parafiatokarnia.pl\/?page_id=137\"><img decoding=\"async\" class=\"sak lazyload\" style=\"--smush-placeholder-width: 300px; --smush-placeholder-aspect-ratio: 300\/169;height: 169px; max-width: 30%; margin: 1%;\" data-src=\"https:\/\/parafiatokarnia.pl\/wp-content\/uploads\/2015\/06\/duchsw-300x169.jpg\" alt=\"duchsw\" width=\"300\" height=\"169\" src=\"data:image\/svg+xml;base64,PHN2ZyB3aWR0aD0iMSIgaGVpZ2h0PSIxIiB4bWxucz0iaHR0cDovL3d3dy53My5vcmcvMjAwMC9zdmciPjwvc3ZnPg==\" \/> <\/a><a title=\"Eucharystia\" href=\"https:\/\/parafiatokarnia.pl\/?page_id=139\"><img decoding=\"async\" class=\"sak lazyload\" style=\"--smush-placeholder-width: 300px; --smush-placeholder-aspect-ratio: 300\/169;height: 169px; max-width: 30%; margin: 1%;\" data-src=\"https:\/\/parafiatokarnia.pl\/wp-content\/uploads\/2015\/06\/eucharystia1-300x221.jpg\" alt=\"eucharystia1\" width=\"300\" height=\"169\" src=\"data:image\/svg+xml;base64,PHN2ZyB3aWR0aD0iMSIgaGVpZ2h0PSIxIiB4bWxucz0iaHR0cDovL3d3dy53My5vcmcvMjAwMC9zdmciPjwvc3ZnPg==\" \/> <\/a><br \/>\n<a title=\"Pokuta\" href=\"https:\/\/parafiatokarnia.pl\/?page_id=141\"><img decoding=\"async\" class=\"sak lazyload\" style=\"--smush-placeholder-width: 300px; --smush-placeholder-aspect-ratio: 300\/169;height: 169px; max-width: 30%; margin: 1%;\" data-src=\"https:\/\/parafiatokarnia.pl\/wp-content\/uploads\/2015\/06\/pokuta-konfesjonal-300x225.jpg\" alt=\"pokuta-konfesjonal\" width=\"300\" height=\"169\" src=\"data:image\/svg+xml;base64,PHN2ZyB3aWR0aD0iMSIgaGVpZ2h0PSIxIiB4bWxucz0iaHR0cDovL3d3dy53My5vcmcvMjAwMC9zdmciPjwvc3ZnPg==\" \/> <\/a><a title=\"Namaszczenie chorych\" href=\"https:\/\/parafiatokarnia.pl\/?page_id=143\"><img decoding=\"async\" class=\"sak lazyload\" style=\"--smush-placeholder-width: 300px; --smush-placeholder-aspect-ratio: 300\/169;height: 169px; max-width: 30%; margin: 1%;\" data-src=\"https:\/\/parafiatokarnia.pl\/wp-content\/uploads\/2015\/06\/namaszczenie11-300x152.jpg\" alt=\"namaszczenie1\" width=\"300\" height=\"169\" src=\"data:image\/svg+xml;base64,PHN2ZyB3aWR0aD0iMSIgaGVpZ2h0PSIxIiB4bWxucz0iaHR0cDovL3d3dy53My5vcmcvMjAwMC9zdmciPjwvc3ZnPg==\" \/> <\/a><a title=\"Kap\u0142a\u0144stwo\" href=\"https:\/\/parafiatokarnia.pl\/?page_id=145\"><img decoding=\"async\" class=\"sak lazyload\" style=\"--smush-placeholder-width: 300px; --smush-placeholder-aspect-ratio: 300\/169;height: 169px; max-width: 30%; margin: 1%;\" data-src=\"https:\/\/parafiatokarnia.pl\/wp-content\/uploads\/2015\/06\/0491-e1435703887586-300x158.jpg\" alt=\"0491\" width=\"300\" height=\"169\" src=\"data:image\/svg+xml;base64,PHN2ZyB3aWR0aD0iMSIgaGVpZ2h0PSIxIiB4bWxucz0iaHR0cDovL3d3dy53My5vcmcvMjAwMC9zdmciPjwvc3ZnPg==\" \/> <\/a><br \/>\n<a title=\"Ma\u0142\u017ce\u0144stwo\" href=\"https:\/\/parafiatokarnia.pl\/?page_id=147\"><img decoding=\"async\" class=\"sak lazyload\" style=\"--smush-placeholder-width: 300px; --smush-placeholder-aspect-ratio: 300\/169;height: 169px; max-width: 30%; margin: 1%;\" data-src=\"https:\/\/parafiatokarnia.pl\/wp-content\/uploads\/2015\/06\/malzenstwo-pierscionek-dlonie-obraczka-300x178.jpg\" alt=\"malz\" width=\"300\" height=\"169\" src=\"data:image\/svg+xml;base64,PHN2ZyB3aWR0aD0iMSIgaGVpZ2h0PSIxIiB4bWxucz0iaHR0cDovL3d3dy53My5vcmcvMjAwMC9zdmciPjwvc3ZnPg==\" \/><\/a><\/p>\n<h1 style=\"text-align: center;\">PORADNIA \u017bYCIA RODZINNEGO<\/h1>\n<p style=\"text-align: center;\"><a href=\"https:\/\/parafiatokarnia.pl\/wp-content\/uploads\/2015\/09\/bosko-sprawa-serca.jpg\"><img decoding=\"async\" class=\"aligncenter size-full wp-image-1833 lazyload\" data-src=\"https:\/\/parafiatokarnia.pl\/wp-content\/uploads\/2015\/09\/bosko-sprawa-serca.jpg\" alt=\"bosko-sprawa-serca\" width=\"900\" height=\"598\" data-srcset=\"https:\/\/parafiatokarnia.pl\/wp-content\/uploads\/2015\/09\/bosko-sprawa-serca.jpg 900w, https:\/\/parafiatokarnia.pl\/wp-content\/uploads\/2015\/09\/bosko-sprawa-serca-300x199.jpg 300w, https:\/\/parafiatokarnia.pl\/wp-content\/uploads\/2015\/09\/bosko-sprawa-serca-768x510.jpg 768w, https:\/\/parafiatokarnia.pl\/wp-content\/uploads\/2015\/09\/bosko-sprawa-serca-600x400.jpg 600w\" data-sizes=\"(max-width: 900px) 100vw, 900px\" src=\"data:image\/svg+xml;base64,PHN2ZyB3aWR0aD0iMSIgaGVpZ2h0PSIxIiB4bWxucz0iaHR0cDovL3d3dy53My5vcmcvMjAwMC9zdmciPjwvc3ZnPg==\" style=\"--smush-placeholder-width: 900px; --smush-placeholder-aspect-ratio: 900\/598;\" \/><\/a><\/p>\n","protected":false},"excerpt":{"rendered":"<p>KANCELARIA PARAFIALNA W WAKACJE CZYNNA WTOREK, CZWARTEK po mszy \u015bw. wieczornej do godz. 19.00 SOBOTA 09:00 &#8211; 10:00 email: kancelaria@parafiatokarnia.pl telefon: 12 274 70 40 UWAGA!!! Metryki chrztu do \u015blubu oraz do I Komunii \u015awi\u0119tej, zapisy dziecka do chrztu, czy za\u015bwiadczenia dla matek i ojc\u00f3w chrzestnych wydawane s\u0105 w godzinach urz\u0119dowania kancelarii. Zasadniczo dokumenty te [&hellip;]<\/p>\n","protected":false},"author":2,"featured_media":0,"parent":0,"menu_order":0,"comment_status":"closed","ping_status":"closed","template":"","meta":{"footnotes":""},"class_list":["post-208","page","type-page","status-publish","hentry"],"_links":{"self":[{"href":"https:\/\/parafiatokarnia.pl\/index.php?rest_route=\/wp\/v2\/pages\/208","targetHints":{"allow":["GET"]}}],"collection":[{"href":"https:\/\/parafiatokarnia.pl\/index.php?rest_route=\/wp\/v2\/pages"}],"about":[{"href":"https:\/\/parafiatokarnia.pl\/index.php?rest_route=\/wp\/v2\/types\/page"}],"author":[{"embeddable":true,"href":"https:\/\/parafiatokarnia.pl\/index.php?rest_route=\/wp\/v2\/users\/2"}],"replies":[{"embeddable":true,"href":"https:\/\/parafiatokarnia.pl\/index.php?rest_route=%2Fwp%2Fv2%2Fcomments&post=208"}],"version-history":[{"count":110,"href":"https:\/\/parafiatokarnia.pl\/index.php?rest_route=\/wp\/v2\/pages\/208\/revisions"}],"predecessor-version":[{"id":12397,"href":"https:\/\/parafiatokarnia.pl\/index.php?rest_route=\/wp\/v2\/pages\/208\/revisions\/12397"}],"wp:attachment":[{"href":"https:\/\/parafiatokarnia.pl\/index.php?rest_route=%2Fwp%2Fv2%2Fmedia&parent=208"}],"curies":[{"name":"wp","href":"https:\/\/api.w.org\/{rel}","templated":true}]}}