{"id":183,"date":"2015-06-09T09:36:13","date_gmt":"2015-06-09T09:36:13","guid":{"rendered":"https:\/\/parafiatokarnia.pl\/?page_id=183"},"modified":"2015-08-12T21:49:41","modified_gmt":"2015-08-12T21:49:41","slug":"kalwaria-tokarska-2","status":"publish","type":"page","link":"https:\/\/parafiatokarnia.pl\/?page_id=183","title":{"rendered":"Kalwaria Tokarska"},"content":{"rendered":"<p style=\"text-align: justify;\">Szczeg\u00f3lnym zabytkiem kultury jest ma\u0142a Kalwaria Tokarska-zesp\u00f3\u0142 rze\u017ab plenerowych na p\u00f3\u0142nocnym zboczu Urbaniej G\u00f3ry. Dzie\u0142o J\u00f3zefa Wrony miejscowego rze\u017abiarza. Przepi\u0119knie prowadzon\u0105 drog\u0105 w\u015br\u00f3d p\u00f3l i \u0142\u0105k wspinamy si\u0119 na \u0142agodne zbocze. Pi\u0119kne widoki wynagrodz\u0105 nam sowicie trudy pieszego spaceru, a ustawione w wielu uroczych miejscach \u0142aweczki pozwol\u0105 odpocz\u0105\u0107.<\/p>\n<p style=\"text-align: justify;\">Na pocz\u0105tku lat osiemdziesi\u0105tych Pan J\u00f3zef Wrona podj\u0105\u0142 budow\u0119 niezwyk\u0142ego dzie\u0142a &#8211; Ma\u0142ej Kalwarii na stoku Urbaniej G\u00f3ry.<\/p>\n<p style=\"text-align: justify;\">W 1982 r. nad w\u0105wozem biegn\u0105cym w g\u00f3r\u0119 od rodzinnego domu umie\u015bci\u0142 artysta w naturalnej grocie pierwsz\u0105 wyrze\u017abion\u0105 przez siebie figur\u0119 Matki Boskiej Niepokalanie Pocz\u0119tej. By\u0142a to drewniana rze\u017aba polichromowana.<\/p>\n<p style=\"text-align: justify;\">Z biegiem lat jednak uleg\u0142a, pod wp\u0142ywem wilgoci spr\u00f3chnieniu. J\u00f3zef Wrona wykona\u0142 kopi\u0119 tamtej figury lecz tym razem w kamieniu. Obok \u017ar\u00f3de\u0142ka wyp\u0142ywaj\u0105cego spod groty znalaz\u0142a miejsce \u0142awka i kubek zimnej wody dla strudzonego w\u0119drowca wspinaj\u0105cego si\u0119 pod strom\u0105 g\u00f3r\u0119.<\/p>\n<p style=\"text-align: justify;\">Nieopodal nad przepa\u015bci\u0105 posta\u0107 Anio\u0142a Str\u00f3\u017ca przeprowadza przez k\u0142adk\u0119 ma\u0142\u0105 dziewczynk\u0119. W nast\u0119pnym roku na du\u017cym, usypanym ziemnym kopcu umie\u015bci\u0142 artysta w kapliczce posta\u0107 Chrystusa Frasobliwego. U podn\u00f3\u017ca kopca ka\u017cdy przechodzie\u0144 przeczyta napis &#8222;Szcz\u0119\u015b\u0107 Bo\u017ce tym co \u017cywi\u0105 i broni\u0105&#8221;.<\/p>\n<p style=\"text-align: justify;\">W pobli\u017cu znajduje si\u0119 kolejne dzie\u0142o tego wspania\u0142ego cz\u0142owieka. Jest to kamienna kaplica z Chrystusem u s\u0142upa. Posiada ona p\u00f3\u0142okr\u0105g\u0142e sklepienie zrobione z kamienia starej piwnicy. Biczowany Chrystus to rze\u017aba naturalnej wielko\u015bci przedstawiaj\u0105ca ogromne m\u0119ki. Niegdy\u015b mie\u015bci\u0142 si\u0119 tam &#8222;Upadek pod krzy\u017cem&#8221;, ale zosta\u0142 skradziony. W piwnicy tej znajduj\u0105 si\u0119 ksi\u0119gi pami\u0105tkowe, do kt\u00f3rych ka\u017cdy mo\u017ce z\u0142o\u017cy\u0107 sw\u00f3j podpis i owoc prze\u017cy\u0107 zwi\u0105zanych z tym miejscem.<\/p>\n<p style=\"text-align: justify;\">Id\u0105c w g\u00f3r\u0119 osi\u0105gamy miejsce, z kt\u00f3rego rozci\u0105ga si\u0119 urzekaj\u0105cy widok. Artysta potrafi\u0142 ujarzmi\u0107 s\u0105cz\u0105cy si\u0119 strumyczek i zmieni\u0107 go w tafl\u0119 uroczego jeziorka. Jest ono efektem mozolnej pracy. Znajduje si\u0119 tam fontanna tryskaj\u0105ca w g\u00f3r\u0119. Na \u015brodku stawu przymocowana jest \u0142\u00f3d\u017a z rze\u017ab\u0105 Pana Jezusa, kt\u00f3ry przekazuje \u015bw. Piotrowi klucze. Na \u0142odzi widnieje napis &#8222;Piotrze pa\u015b owieczki moje&#8221;.<\/p>\n<p style=\"text-align: justify;\">Na tle p\u00f3l powy\u017cej sadzawki bieleje kapliczka Matki Boskiej Fatimskiej. Zrobiona jest w formie s\u0142upa. W podobnej kapliczce wykonanej w 1994 r. umieszczone s\u0105 kamienne postacie \u015bwi\u0119tej Rodziny.<\/p>\n<p style=\"text-align: justify;\">Jeszcze jednym przyk\u0142adem kapliczki s\u0142upowej jest kapliczka po\u015bwi\u0119cona \u015bw. Franciszkowi. Id\u0105c w kierunku szczytu stromej g\u00f3ry napotykamy jeszcze 14 kapliczek stanowi\u0105cych jednocze\u015bnie stacje drogi krzy\u017cowej.<\/p>\n<p style=\"text-align: justify;\">Artysta doskonale wkomponowa\u0142 swoje dzie\u0142o w le\u015bny krajobraz. P\u0142askorze\u017aby te by\u0142y wykonane w bardzo kr\u00f3tkim czasie, zaledwie kilku tygodni, gdy\u017c uroczysto\u015b\u0107 Bo\u017cego Cia\u0142a w 1995 r. zbieg\u0142a si\u0119 z wizyt\u0105 duszpastersk\u0105 ks. biskupa Stanis\u0142awa Smole\u0144skiego. Przy tej okazji zosta\u0142a po\u015bwi\u0119cona Kalwaria J\u00f3zefa Wrony i znajduj\u0105ca si\u0119 na niej droga krzy\u017cowa.<\/p>\n<p style=\"text-align: justify;\">Na samym szczycie g\u00f3ry znajduje si\u0119 monumentalny krzy\u017c prawie 10 metrowej wysoko\u015bci. Do niego przytwierdzona jest posta\u0107 ukrzy\u017cowanego Chrystusa. Z pod st\u00f3p krzy\u017ca rozci\u0105ga si\u0119 pi\u0119kna panorama Tokarni.<\/p>\n<p style=\"text-align: justify;\">Kalwaria b\u0119d\u0105c dzie\u0142em \u017cycia J\u00f3zefa Wrony jest sukcesywnie rozbudowywana.<\/p>\n<p style=\"text-align: justify;\">\r\n\t\t\t\t\t\n\r\n\t\t\t\t\t<!-- START UNITE GALLERY 1.7.62 -->\r\n\t\t\t\t\t\r\n\t\t\t\t\n\t\t\t<div id='unitegallery_12_1' class='unite-gallery' style='margin:0px auto;'>\n\t\t\t\t\n\n\t\t\t\t\t\t<img alt=\"806701_net_tokarnia12_4\"\n\t\t\t\t\t\t     src=\"\" data-image=\"https:\/\/parafiatokarnia.pl\/wp-content\/uploads\/2015\/08\/806701_net_tokarnia12_4.jpg\"\n\t\t\t\t\t\t     data-thumb=\"https:\/\/parafiatokarnia.pl\/wp-content\/uploads\/2015\/08\/806701_net_tokarnia12_4-300x200.jpg\"\n\t\t\t\t\t\t     title=\"\"\n\t\t\t\t\t\t     style=\"display:none\">\n\n\t\t\t\t\t\t<img alt=\"806699_net_tokarnia13_4\"\n\t\t\t\t\t\t     src=\"\" data-image=\"https:\/\/parafiatokarnia.pl\/wp-content\/uploads\/2015\/08\/806699_net_tokarnia13_4.jpg\"\n\t\t\t\t\t\t     data-thumb=\"https:\/\/parafiatokarnia.pl\/wp-content\/uploads\/2015\/08\/806699_net_tokarnia13_4-300x200.jpg\"\n\t\t\t\t\t\t     title=\"\"\n\t\t\t\t\t\t     style=\"display:none\">\n\n\t\t\t\t\t\t<img alt=\"806697_net_tokarnia16_4\"\n\t\t\t\t\t\t     src=\"\" data-image=\"https:\/\/parafiatokarnia.pl\/wp-content\/uploads\/2015\/08\/806697_net_tokarnia16_4.jpg\"\n\t\t\t\t\t\t     data-thumb=\"https:\/\/parafiatokarnia.pl\/wp-content\/uploads\/2015\/08\/806697_net_tokarnia16_4-300x200.jpg\"\n\t\t\t\t\t\t     title=\"\"\n\t\t\t\t\t\t     style=\"display:none\">\n\n\t\t\t\t\t\t<img alt=\"806696_net_tokarnia18_4\"\n\t\t\t\t\t\t     src=\"\" data-image=\"https:\/\/parafiatokarnia.pl\/wp-content\/uploads\/2015\/08\/806696_net_tokarnia18_4.jpg\"\n\t\t\t\t\t\t     data-thumb=\"https:\/\/parafiatokarnia.pl\/wp-content\/uploads\/2015\/08\/806696_net_tokarnia18_4-300x200.jpg\"\n\t\t\t\t\t\t     title=\"\"\n\t\t\t\t\t\t     style=\"display:none\">\n\n\t\t\t\t\t\t<img alt=\"806696_net_tokarnia17_4\"\n\t\t\t\t\t\t     src=\"\" data-image=\"https:\/\/parafiatokarnia.pl\/wp-content\/uploads\/2015\/08\/806696_net_tokarnia17_4.jpg\"\n\t\t\t\t\t\t     data-thumb=\"https:\/\/parafiatokarnia.pl\/wp-content\/uploads\/2015\/08\/806696_net_tokarnia17_4-300x200.jpg\"\n\t\t\t\t\t\t     title=\"\"\n\t\t\t\t\t\t     style=\"display:none\">\n\n\t\t\t\t\t\t<img alt=\"806694_net_tokarnia20_4\"\n\t\t\t\t\t\t     src=\"\" data-image=\"https:\/\/parafiatokarnia.pl\/wp-content\/uploads\/2015\/08\/806694_net_tokarnia20_4.jpg\"\n\t\t\t\t\t\t     data-thumb=\"https:\/\/parafiatokarnia.pl\/wp-content\/uploads\/2015\/08\/806694_net_tokarnia20_4-300x200.jpg\"\n\t\t\t\t\t\t     title=\"\"\n\t\t\t\t\t\t     style=\"display:none\">\n\n\t\t\t\t\t\t<img alt=\"806693_net_tokarnia21_4\"\n\t\t\t\t\t\t     src=\"\" data-image=\"https:\/\/parafiatokarnia.pl\/wp-content\/uploads\/2015\/08\/806693_net_tokarnia21_4.jpg\"\n\t\t\t\t\t\t     data-thumb=\"https:\/\/parafiatokarnia.pl\/wp-content\/uploads\/2015\/08\/806693_net_tokarnia21_4-300x200.jpg\"\n\t\t\t\t\t\t     title=\"\"\n\t\t\t\t\t\t     style=\"display:none\">\n\n\t\t\t\t\t\t<img alt=\"806688_net_tokarnia26_4\"\n\t\t\t\t\t\t     src=\"\" data-image=\"https:\/\/parafiatokarnia.pl\/wp-content\/uploads\/2015\/08\/806688_net_tokarnia26_4.jpg\"\n\t\t\t\t\t\t     data-thumb=\"https:\/\/parafiatokarnia.pl\/wp-content\/uploads\/2015\/08\/806688_net_tokarnia26_4-300x200.jpg\"\n\t\t\t\t\t\t     title=\"\"\n\t\t\t\t\t\t     style=\"display:none\">\n\n\t\t\t\t\t\t<img alt=\"806686_net_tokarnia29_4\"\n\t\t\t\t\t\t     src=\"\" data-image=\"https:\/\/parafiatokarnia.pl\/wp-content\/uploads\/2015\/08\/806686_net_tokarnia29_4.jpg\"\n\t\t\t\t\t\t     data-thumb=\"https:\/\/parafiatokarnia.pl\/wp-content\/uploads\/2015\/08\/806686_net_tokarnia29_4-300x200.jpg\"\n\t\t\t\t\t\t     title=\"\"\n\t\t\t\t\t\t     style=\"display:none\">\n\n\t\t\t\t\t\t<img alt=\"806686_net_tokarnia28_4\"\n\t\t\t\t\t\t     src=\"\" data-image=\"https:\/\/parafiatokarnia.pl\/wp-content\/uploads\/2015\/08\/806686_net_tokarnia28_4.jpg\"\n\t\t\t\t\t\t     data-thumb=\"https:\/\/parafiatokarnia.pl\/wp-content\/uploads\/2015\/08\/806686_net_tokarnia28_4-300x200.jpg\"\n\t\t\t\t\t\t     title=\"\"\n\t\t\t\t\t\t     style=\"display:none\">\n\n\t\t\t\t\t\t<img alt=\"806682_net_tokarnia33_4\"\n\t\t\t\t\t\t     src=\"\" data-image=\"https:\/\/parafiatokarnia.pl\/wp-content\/uploads\/2015\/08\/806682_net_tokarnia33_4.jpg\"\n\t\t\t\t\t\t     data-thumb=\"https:\/\/parafiatokarnia.pl\/wp-content\/uploads\/2015\/08\/806682_net_tokarnia33_4-300x200.jpg\"\n\t\t\t\t\t\t     title=\"\"\n\t\t\t\t\t\t     style=\"display:none\">\n\n\t\t\t\t\t\t<img alt=\"806681_net_tokarnia35_4\"\n\t\t\t\t\t\t     src=\"\" data-image=\"https:\/\/parafiatokarnia.pl\/wp-content\/uploads\/2015\/08\/806681_net_tokarnia35_4.jpg\"\n\t\t\t\t\t\t     data-thumb=\"https:\/\/parafiatokarnia.pl\/wp-content\/uploads\/2015\/08\/806681_net_tokarnia35_4-300x200.jpg\"\n\t\t\t\t\t\t     title=\"\"\n\t\t\t\t\t\t     style=\"display:none\">\n\n\t\t\t\t\t\t<img alt=\"806680_net_tokarnia37_4\"\n\t\t\t\t\t\t     src=\"\" data-image=\"https:\/\/parafiatokarnia.pl\/wp-content\/uploads\/2015\/08\/806680_net_tokarnia37_4.jpg\"\n\t\t\t\t\t\t     data-thumb=\"https:\/\/parafiatokarnia.pl\/wp-content\/uploads\/2015\/08\/806680_net_tokarnia37_4-300x200.jpg\"\n\t\t\t\t\t\t     title=\"\"\n\t\t\t\t\t\t     style=\"display:none\">\n\n\t\t\t\t\t\t<img alt=\"806680_net_tokarnia36_4\"\n\t\t\t\t\t\t     src=\"\" data-image=\"https:\/\/parafiatokarnia.pl\/wp-content\/uploads\/2015\/08\/806680_net_tokarnia36_4.jpg\"\n\t\t\t\t\t\t     data-thumb=\"https:\/\/parafiatokarnia.pl\/wp-content\/uploads\/2015\/08\/806680_net_tokarnia36_4-300x200.jpg\"\n\t\t\t\t\t\t     title=\"\"\n\t\t\t\t\t\t     style=\"display:none\">\n\n\t\t\t\t\t\t<img alt=\"806676_net_tokarnia41_4\"\n\t\t\t\t\t\t     src=\"\" data-image=\"https:\/\/parafiatokarnia.pl\/wp-content\/uploads\/2015\/08\/806676_net_tokarnia41_4.jpg\"\n\t\t\t\t\t\t     data-thumb=\"https:\/\/parafiatokarnia.pl\/wp-content\/uploads\/2015\/08\/806676_net_tokarnia41_4-300x200.jpg\"\n\t\t\t\t\t\t     title=\"\"\n\t\t\t\t\t\t     style=\"display:none\">\n\n\t\t\t\t\t\t<img alt=\"806675_net_tokarnia42_4\"\n\t\t\t\t\t\t     src=\"\" data-image=\"https:\/\/parafiatokarnia.pl\/wp-content\/uploads\/2015\/08\/806675_net_tokarnia42_4.jpg\"\n\t\t\t\t\t\t     data-thumb=\"https:\/\/parafiatokarnia.pl\/wp-content\/uploads\/2015\/08\/806675_net_tokarnia42_4-300x200.jpg\"\n\t\t\t\t\t\t     title=\"\"\n\t\t\t\t\t\t     style=\"display:none\">\n\n\t\t\t\t\t\t<img alt=\"806674_net_tokarnia43_4\"\n\t\t\t\t\t\t     src=\"\" data-image=\"https:\/\/parafiatokarnia.pl\/wp-content\/uploads\/2015\/08\/806674_net_tokarnia43_4.jpg\"\n\t\t\t\t\t\t     data-thumb=\"https:\/\/parafiatokarnia.pl\/wp-content\/uploads\/2015\/08\/806674_net_tokarnia43_4-300x200.jpg\"\n\t\t\t\t\t\t     title=\"\"\n\t\t\t\t\t\t     style=\"display:none\">\n\n\t\t\t\t\t\t<img alt=\"806673_net_tokarnia45_4\"\n\t\t\t\t\t\t     src=\"\" data-image=\"https:\/\/parafiatokarnia.pl\/wp-content\/uploads\/2015\/08\/806673_net_tokarnia45_4.jpg\"\n\t\t\t\t\t\t     data-thumb=\"https:\/\/parafiatokarnia.pl\/wp-content\/uploads\/2015\/08\/806673_net_tokarnia45_4-300x200.jpg\"\n\t\t\t\t\t\t     title=\"\"\n\t\t\t\t\t\t     style=\"display:none\">\n\n\t\t\t\t\t\t<img alt=\"806677_net_tokarnia40_4\"\n\t\t\t\t\t\t     src=\"\" data-image=\"https:\/\/parafiatokarnia.pl\/wp-content\/uploads\/2015\/08\/806677_net_tokarnia40_4.jpg\"\n\t\t\t\t\t\t     data-thumb=\"https:\/\/parafiatokarnia.pl\/wp-content\/uploads\/2015\/08\/806677_net_tokarnia40_4-300x200.jpg\"\n\t\t\t\t\t\t     title=\"\"\n\t\t\t\t\t\t     style=\"display:none\">\n\n\t\t\t\t\t\t<img alt=\"806707_net_tokarnia03_4\"\n\t\t\t\t\t\t     src=\"\" data-image=\"https:\/\/parafiatokarnia.pl\/wp-content\/uploads\/2015\/08\/806707_net_tokarnia03_4.jpg\"\n\t\t\t\t\t\t     data-thumb=\"https:\/\/parafiatokarnia.pl\/wp-content\/uploads\/2015\/08\/806707_net_tokarnia03_4-300x200.jpg\"\n\t\t\t\t\t\t     title=\"\"\n\t\t\t\t\t\t     style=\"display:none\">\n\t\t\t<\/div>\n\n\t\t\t<script type='text\/javascript'>\n\t\t\t\twindow.onload = function(e) {\n\t\t\t\t\tif(typeof ugCheckForErrors == \"undefined\"){\n\t\t\t\t\t\tdocument.getElementById(\"unitegallery_12_1\").innerHTML = \"<span style='color:red'>Unite Gallery Error - gallery js and css files not included in the footer. Please make sure that wp_footer() function is added to your theme.<\/span>\";}\n\t\t\t\t\telse{ ugCheckForErrors(\"unitegallery_12_1\", \"jquery\");}\n\t\t\t\t};\n\t\t\t<\/script>\n\n\t\t\t<!-- END UNITEGALLERY --><\/p>\n","protected":false},"excerpt":{"rendered":"<p>Szczeg\u00f3lnym zabytkiem kultury jest ma\u0142a Kalwaria Tokarska-zesp\u00f3\u0142 rze\u017ab plenerowych na p\u00f3\u0142nocnym zboczu Urbaniej G\u00f3ry. Dzie\u0142o J\u00f3zefa Wrony miejscowego rze\u017abiarza. Przepi\u0119knie prowadzon\u0105 drog\u0105 w\u015br\u00f3d p\u00f3l i \u0142\u0105k wspinamy si\u0119 na \u0142agodne zbocze. Pi\u0119kne widoki wynagrodz\u0105 nam sowicie trudy pieszego spaceru, a ustawione w wielu uroczych miejscach \u0142aweczki pozwol\u0105 odpocz\u0105\u0107. Na pocz\u0105tku lat osiemdziesi\u0105tych Pan J\u00f3zef Wrona [&hellip;]<\/p>\n","protected":false},"author":2,"featured_media":91,"parent":119,"menu_order":0,"comment_status":"closed","ping_status":"closed","template":"","meta":{"footnotes":""},"class_list":["post-183","page","type-page","status-publish","has-post-thumbnail","hentry"],"_links":{"self":[{"href":"https:\/\/parafiatokarnia.pl\/index.php?rest_route=\/wp\/v2\/pages\/183","targetHints":{"allow":["GET"]}}],"collection":[{"href":"https:\/\/parafiatokarnia.pl\/index.php?rest_route=\/wp\/v2\/pages"}],"about":[{"href":"https:\/\/parafiatokarnia.pl\/index.php?rest_route=\/wp\/v2\/types\/page"}],"author":[{"embeddable":true,"href":"https:\/\/parafiatokarnia.pl\/index.php?rest_route=\/wp\/v2\/users\/2"}],"replies":[{"embeddable":true,"href":"https:\/\/parafiatokarnia.pl\/index.php?rest_route=%2Fwp%2Fv2%2Fcomments&post=183"}],"version-history":[{"count":6,"href":"https:\/\/parafiatokarnia.pl\/index.php?rest_route=\/wp\/v2\/pages\/183\/revisions"}],"predecessor-version":[{"id":1231,"href":"https:\/\/parafiatokarnia.pl\/index.php?rest_route=\/wp\/v2\/pages\/183\/revisions\/1231"}],"up":[{"embeddable":true,"href":"https:\/\/parafiatokarnia.pl\/index.php?rest_route=\/wp\/v2\/pages\/119"}],"wp:featuredmedia":[{"embeddable":true,"href":"https:\/\/parafiatokarnia.pl\/index.php?rest_route=\/wp\/v2\/media\/91"}],"wp:attachment":[{"href":"https:\/\/parafiatokarnia.pl\/index.php?rest_route=%2Fwp%2Fv2%2Fmedia&parent=183"}],"curies":[{"name":"wp","href":"https:\/\/api.w.org\/{rel}","templated":true}]}}