{"id":177,"date":"2015-06-09T09:35:38","date_gmt":"2015-06-09T09:35:38","guid":{"rendered":"https:\/\/parafiatokarnia.pl\/?page_id=177"},"modified":"2015-07-07T13:27:43","modified_gmt":"2015-07-07T13:27:43","slug":"czciciele-najswietszego-serca-najswietszej-marii-panny","status":"publish","type":"page","link":"https:\/\/parafiatokarnia.pl\/?page_id=177","title":{"rendered":"Czciciele Niepokalanego Serca Naj\u015bwi\u0119tszej Marii Panny"},"content":{"rendered":"<p style=\"text-align: justify;\">Istot\u0105 tego nabo\u017ce\u0144stwa jest wynagrodzenie za grzechy pope\u0142nione przeciwko Niepokalanemu Sercu Naj\u015bwi\u0119tszej Maryi Panny. Obra\u017caj\u0105 one Boga i Jej Niepokalane Serce, s\u0105 pogard\u0105 wobec Bo\u017cej mi\u0142o\u015bci oraz powodem piekielnych m\u0105k ludzi, za kt\u00f3rych umar\u0142 Jej Syn. Pragnie Ona ocali\u0107 jak najwi\u0119cej os\u00f3b, dlatego przychodzi, aby ostrzec przed konsekwencjami grzechu, aby ocali\u0107 grzesznik\u00f3w od piek\u0142a, aby sk\u0142oni\u0107 ich do nawr\u00f3cenia. Maryja chce naszego zaanga\u017cowania w t\u0119 misj\u0119<\/p>\n<p style=\"text-align: justify;\">Naj\u015bwi\u0119tsza Panna i Jezus ukazali si\u0119 siostrze \u0141ucji dnia 10 grudnia 1925 r., aby opisa\u0107 nabo\u017ce\u0144stwo wynagradzaj\u0105ce grzechy pope\u0142nione przeciw Niepokalanemu Sercu Maryi. W jego ramach powinni\u015bmy:<\/p>\n<ul>\n<li style=\"text-align: justify;\">w pierwsze soboty miesi\u0105ca przyst\u0105pi\u0107 do spowiedzi z intencj\u0105 wynagrodzenia za grzechy pope\u0142nione przeciw Niepokalanemu Sercu Maryi. Mo\u017cna tak\u017ce skorzysta\u0107 z \u0142aski sakramentu pojednania wcze\u015bniej, byleby w tym dniu by\u0107 w stanie \u0142aski u\u015bwi\u0119caj\u0105cej, bez grzechu ci\u0119\u017ckiego;<\/li>\n<li style=\"text-align: justify;\">przyj\u0105\u0107 Komuni\u0119 \u015bw. w pi\u0119\u0107 pierwszych sob\u00f3t miesi\u0105ca w powy\u017cszej intencji;<\/li>\n<li style=\"text-align: justify;\">odm\u00f3wi\u0107 pi\u0119\u0107 tajemnic r\u00f3\u017ca\u0144cowych;<\/li>\n<li style=\"text-align: justify;\">przez pi\u0119tna\u015bcie minut rozwa\u017ca\u0107 tajemnice r\u00f3\u017ca\u0144cowe ofiaruj\u0105c t\u0119 medytacj\u0119 w wymienionej intencji.<\/li>\n<\/ul>\n","protected":false},"excerpt":{"rendered":"<p>Istot\u0105 tego nabo\u017ce\u0144stwa jest wynagrodzenie za grzechy pope\u0142nione przeciwko Niepokalanemu Sercu Naj\u015bwi\u0119tszej Maryi Panny. Obra\u017caj\u0105 one Boga i Jej Niepokalane Serce, s\u0105 pogard\u0105 wobec Bo\u017cej mi\u0142o\u015bci oraz powodem piekielnych m\u0105k ludzi, za kt\u00f3rych umar\u0142 Jej Syn. Pragnie Ona ocali\u0107 jak najwi\u0119cej os\u00f3b, dlatego przychodzi, aby ostrzec przed konsekwencjami grzechu, aby ocali\u0107 grzesznik\u00f3w od piek\u0142a, aby [&hellip;]<\/p>\n","protected":false},"author":2,"featured_media":603,"parent":171,"menu_order":0,"comment_status":"closed","ping_status":"closed","template":"","meta":{"footnotes":""},"class_list":["post-177","page","type-page","status-publish","has-post-thumbnail","hentry"],"_links":{"self":[{"href":"https:\/\/parafiatokarnia.pl\/index.php?rest_route=\/wp\/v2\/pages\/177","targetHints":{"allow":["GET"]}}],"collection":[{"href":"https:\/\/parafiatokarnia.pl\/index.php?rest_route=\/wp\/v2\/pages"}],"about":[{"href":"https:\/\/parafiatokarnia.pl\/index.php?rest_route=\/wp\/v2\/types\/page"}],"author":[{"embeddable":true,"href":"https:\/\/parafiatokarnia.pl\/index.php?rest_route=\/wp\/v2\/users\/2"}],"replies":[{"embeddable":true,"href":"https:\/\/parafiatokarnia.pl\/index.php?rest_route=%2Fwp%2Fv2%2Fcomments&post=177"}],"version-history":[{"count":4,"href":"https:\/\/parafiatokarnia.pl\/index.php?rest_route=\/wp\/v2\/pages\/177\/revisions"}],"predecessor-version":[{"id":602,"href":"https:\/\/parafiatokarnia.pl\/index.php?rest_route=\/wp\/v2\/pages\/177\/revisions\/602"}],"up":[{"embeddable":true,"href":"https:\/\/parafiatokarnia.pl\/index.php?rest_route=\/wp\/v2\/pages\/171"}],"wp:featuredmedia":[{"embeddable":true,"href":"https:\/\/parafiatokarnia.pl\/index.php?rest_route=\/wp\/v2\/media\/603"}],"wp:attachment":[{"href":"https:\/\/parafiatokarnia.pl\/index.php?rest_route=%2Fwp%2Fv2%2Fmedia&parent=177"}],"curies":[{"name":"wp","href":"https:\/\/api.w.org\/{rel}","templated":true}]}}