{"id":175,"date":"2015-06-09T09:35:34","date_gmt":"2015-06-09T09:35:34","guid":{"rendered":"https:\/\/parafiatokarnia.pl\/?page_id=175"},"modified":"2022-10-29T11:42:52","modified_gmt":"2022-10-29T11:42:52","slug":"apostolskie-dzielo-pomocy-dla-czysca","status":"publish","type":"page","link":"https:\/\/parafiatokarnia.pl\/?page_id=175","title":{"rendered":"Apostolstwo Pomocy Duszom Czy\u015b\u0107cowym"},"content":{"rendered":"<p>Apostolstwo Pomocy Duszom Czy\u015b\u0107cowym<\/p>\n<p>Jest to zorganizowana forma apostolstwa Zgromadzenia Si\u00f3str Wspomo\u017cycielek Dusz Czy\u015b\u0107cowych. Jego cz\u0142onkiem mo\u017ce zosta\u0107 ka\u017cdy praktykuj\u0105cy katolik, kt\u00f3ry pragnie pomaga\u0107 zmar\u0142ym cierpi\u0105cym w czy\u015b\u0107cu dost\u0119pnymi dla siebie \u015brodkami jak: modlitwa, ofiara, ja\u0142mu\u017cna, dobre uczynki itp.<\/p>\n<p>Apostolstwo Pomocy Duszom Czy\u015b\u0107cowym powsta\u0142o jako odpowied\u017a na liczne pro\u015bby kierowane do Zgromadzenia ze strony os\u00f3b \u015bwieckich, zainteresowanych wsp\u00f3\u0142prac\u0105 w zakresie tego charyzmatu. Zgromadzenie rozezna\u0142o t\u0119 sytuacj\u0119 jako nowy znak czasu i nowe wezwanie apostolskie. Decyzja o podj\u0119ciu tej formy dzia\u0142alno\u015bci zapad\u0142a w roku 1983. Dwa lata p\u00f3\u017aniej (1985) przyj\u0119to dla niej nazw\u0119: Apostolskie Dzie\u0142o Pomocy dla Czy\u015b\u0107ca.<\/p>\n<p>Znalaz\u0142o to nast\u0119pnie odzwierciedlenie w Konstytucjach Zgromadzenia, zatwierdzonych przez Stolic\u0119 Apostolsk\u0105, kt\u00f3re stanowi\u0105 prawn\u0105 podstaw\u0119 jego istnienia. Pierwsi cz\u0142onkowie w\u0142\u0105czyli si\u0119 formalnie do Dzie\u0142a w 1985 r. Decyzj\u0105 w\u0142adz Zgromadzenia w 2010 roku zosta\u0142a nadana nowa nazwa: Apostolstwo Pomocy Duszom Czy\u015b\u0107cowym. Do Apostolskiego Dzie\u0142a Pomocy dla Czy\u015b\u0107ca mo\u017ce nale\u017ce\u0107 ka\u017cdy praktykuj\u0105cy katolik, niezale\u017cnie od stanu i wieku, kt\u00f3ry pragnie nie\u015b\u0107 pomoc duszom czy\u015b\u0107cowym.<\/p>\n<p>&#8222;Jako chrze\u015bcijanie nie powinni\u015bmy pyta\u0107 si\u0119 jedynie: jak mog\u0119 zbawi\u0107 siebie samego? Powinni\u015bmy r\u00f3wnie\u017c pyta\u0107 siebie: co mog\u0119 zrobi\u0107, aby inni zostali zbawieni i aby r\u00f3wnie\u017c dla innych wzesz\u0142a gwiazda nadziei? W\u00f3wczas zrobi\u0119 najwi\u0119cej tak\u017ce dla mojego w\u0142asnego zbawienia&#8221;. Benedykt XVI, Spe Salvi, 48<\/p>\n<p>&#8222;Je\u015bli chcemy, zapewni\u0107 sobie niebo, to m\u00f3dlmy si\u0119 bezustannie za duszami w czy\u015b\u0107cu cierpi\u0105cymi. Pewny to znak wybrania i pot\u0119\u017cny \u015brodek zbawienia, modlitwa za umar\u0142ych. Gdyby\u015bmy wiedzieli, jak wiele mogliby\u015bmy otrzyma\u0107 \u0142ask za po\u015brednictwem dusz czy\u015b\u0107cowych, nie by\u0142yby one tak zapomniane&#8221;.\u00a0\u015aw. Jan Maria Vianney<\/p>\n","protected":false},"excerpt":{"rendered":"<p>Apostolstwo Pomocy Duszom Czy\u015b\u0107cowym Jest to zorganizowana forma apostolstwa Zgromadzenia Si\u00f3str Wspomo\u017cycielek Dusz Czy\u015b\u0107cowych. Jego cz\u0142onkiem mo\u017ce zosta\u0107 ka\u017cdy praktykuj\u0105cy katolik, kt\u00f3ry pragnie pomaga\u0107 zmar\u0142ym cierpi\u0105cym w czy\u015b\u0107cu dost\u0119pnymi dla siebie \u015brodkami jak: modlitwa, ofiara, ja\u0142mu\u017cna, dobre uczynki itp. Apostolstwo Pomocy Duszom Czy\u015b\u0107cowym powsta\u0142o jako odpowied\u017a na liczne pro\u015bby kierowane do Zgromadzenia ze strony os\u00f3b [&hellip;]<\/p>\n","protected":false},"author":2,"featured_media":550,"parent":171,"menu_order":0,"comment_status":"closed","ping_status":"closed","template":"","meta":{"footnotes":""},"class_list":["post-175","page","type-page","status-publish","has-post-thumbnail","hentry"],"_links":{"self":[{"href":"https:\/\/parafiatokarnia.pl\/index.php?rest_route=\/wp\/v2\/pages\/175","targetHints":{"allow":["GET"]}}],"collection":[{"href":"https:\/\/parafiatokarnia.pl\/index.php?rest_route=\/wp\/v2\/pages"}],"about":[{"href":"https:\/\/parafiatokarnia.pl\/index.php?rest_route=\/wp\/v2\/types\/page"}],"author":[{"embeddable":true,"href":"https:\/\/parafiatokarnia.pl\/index.php?rest_route=\/wp\/v2\/users\/2"}],"replies":[{"embeddable":true,"href":"https:\/\/parafiatokarnia.pl\/index.php?rest_route=%2Fwp%2Fv2%2Fcomments&post=175"}],"version-history":[{"count":7,"href":"https:\/\/parafiatokarnia.pl\/index.php?rest_route=\/wp\/v2\/pages\/175\/revisions"}],"predecessor-version":[{"id":10134,"href":"https:\/\/parafiatokarnia.pl\/index.php?rest_route=\/wp\/v2\/pages\/175\/revisions\/10134"}],"up":[{"embeddable":true,"href":"https:\/\/parafiatokarnia.pl\/index.php?rest_route=\/wp\/v2\/pages\/171"}],"wp:featuredmedia":[{"embeddable":true,"href":"https:\/\/parafiatokarnia.pl\/index.php?rest_route=\/wp\/v2\/media\/550"}],"wp:attachment":[{"href":"https:\/\/parafiatokarnia.pl\/index.php?rest_route=%2Fwp%2Fv2%2Fmedia&parent=175"}],"curies":[{"name":"wp","href":"https:\/\/api.w.org\/{rel}","templated":true}]}}