{"id":167,"date":"2015-06-09T09:43:43","date_gmt":"2015-06-09T09:43:43","guid":{"rendered":"https:\/\/parafiatokarnia.pl\/?page_id=167"},"modified":"2015-08-22T11:02:23","modified_gmt":"2015-08-22T11:02:23","slug":"schola-dziecieca-mb-snieznej","status":"publish","type":"page","link":"https:\/\/parafiatokarnia.pl\/?page_id=167","title":{"rendered":"Schola &#8222;\u015anie\u017cnej Pani&#8221;"},"content":{"rendered":"<p style=\"text-align: justify;\">Schola parafialna &#8222;\u015anie\u017cnej Pani&#8221; powsta\u0142a w lipcu 2011 r. Jej za\u0142o\u017cycielk\u0105 i prowadz\u0105c\u0105 jest p. Teresa Hans.\u00a0Celem scholi jest, aby dzieci swoim \u015bpiewem ubogaca\u0142y niedzielne Msze \u015bwi\u0119te i czyni\u0142y to na Chwa\u0142\u0119 Bo\u017c\u0105.<\/p>\n<p style=\"text-align: justify;\">Naszym mottem jest: &#8222;\u015apiewam Pani, Panu swemu, bo s\u0105 bliscy sercu memu. I raduje si\u0119 ma dusza, kiedy innych serca wzrusza&#8221;.<\/p>\n<p style=\"text-align: center;\"><a href=\"https:\/\/parafiatokarnia.pl\/wp-content\/uploads\/2015\/06\/logo_schola.jpg\"><img decoding=\"async\" class=\"aligncenter size-full wp-image-1329 lazyload\" data-src=\"https:\/\/parafiatokarnia.pl\/wp-content\/uploads\/2015\/06\/logo_schola.jpg\" alt=\"logo_schola\" width=\"500\" height=\"375\" data-srcset=\"https:\/\/parafiatokarnia.pl\/wp-content\/uploads\/2015\/06\/logo_schola.jpg 500w, https:\/\/parafiatokarnia.pl\/wp-content\/uploads\/2015\/06\/logo_schola-300x225.jpg 300w\" data-sizes=\"(max-width: 500px) 100vw, 500px\" src=\"data:image\/svg+xml;base64,PHN2ZyB3aWR0aD0iMSIgaGVpZ2h0PSIxIiB4bWxucz0iaHR0cDovL3d3dy53My5vcmcvMjAwMC9zdmciPjwvc3ZnPg==\" style=\"--smush-placeholder-width: 500px; --smush-placeholder-aspect-ratio: 500\/375;\" \/><\/a><\/p>\n<p>W swoim repertuarze schola posiada pie\u015bni i piosenki religijne na ca\u0142y rok liturgiczny.<\/p>\n<p>Pr\u00f3by odbywaj\u0105 si\u0119 raz w tygodniu. Do scholi\u00a0 obecnie nale\u017cy oko\u0142o 40 os\u00f3b w wieku od 8 &#8211; 16 lat.<br \/>\nSchola prezentuje si\u0119 r\u00f3wnie\u017c poza parafi\u0105. Bierze udzia\u0142 w r\u00f3\u017cnego rodzaju przegl\u0105dach i konkursach.<\/p>\n<p>W swoim dorobku posiada:<\/p>\n<p>III miejsce &#8211; Powiatowy Przegl\u0105d Pie\u015bni Maryjnych &#8211; Dobczyce 2012 r.<br \/>\nII miejsce \u2013 Rejonowy Przegl\u0105d Pie\u015bni Religijnych &#8211; My\u015blenice 2012 r.<br \/>\nI miejsce \u2013 Festiwal Pie\u015bni Maryjnych &#8222;AVE MARYJA&#8221; \u2013 Osielec 2013 r.<br \/>\nIII miejsce \u2013 Rejonowy Przegl\u0105d Pie\u015bni Religijnych &#8211; My\u015blenice 2013 i 2014 r.<\/p>\n<p>Schola zawsze ch\u0119tnie uczestniczy w corocznym koncercie Gor\u0105cych Serc w Wi\u0119ci\u00f3rce.<\/p>\n<p>W 2012 r. go\u015bcinnie wyst\u0105pi\u0142a w Noworocznym Koncercie w Skomielnej Czarnej. Swoim \u015bpiewem ubogaca\u0142a Jase\u0142ka i Misterium M\u0119ki Pa\u0144skiej.<\/p>\n<p>W listopadzie 2014 roku nagra\u0142a swoj\u0105 pierwsz\u0105 p\u0142yt\u0119, na kt\u00f3rej znajduje si\u0119 17 utwor\u00f3w.<\/p>\n<p>Na p\u0142ycie po\u015br\u00f3d wielu pie\u015bni maryjnych us\u0142yszymy m. in. utw\u00f3r dedykowany Patronce Parafii pt. &#8222;<em>\u015anie\u017cna Pani<\/em>&#8222;, kt\u00f3rego kompozytork\u0105 i autork\u0105 tekstu jest p. Teresa Hans, za\u0142o\u017cycielka i opiekunka scholi.<\/p>\n<p>&#8222;\u015aNIE\u017bNA PANI&#8221;<\/p>\n<audio class=\"wp-audio-shortcode\" id=\"audio-167-1\" preload=\"none\" style=\"width: 100%;\" controls=\"controls\"><source type=\"audio\/mpeg\" src=\"https:\/\/parafiatokarnia.pl\/wp-content\/uploads\/2015\/06\/\u015bcie\u017cka-17.mp3?_=1\" \/><a href=\"https:\/\/parafiatokarnia.pl\/wp-content\/uploads\/2015\/06\/\u015bcie\u017cka-17.mp3\">https:\/\/parafiatokarnia.pl\/wp-content\/uploads\/2015\/06\/\u015bcie\u017cka-17.mp3<\/a><\/audio>\n<p>&#8222;AVE MARYJA&#8221;<\/p>\n<audio class=\"wp-audio-shortcode\" id=\"audio-167-2\" preload=\"none\" style=\"width: 100%;\" controls=\"controls\"><source type=\"audio\/mpeg\" src=\"https:\/\/parafiatokarnia.pl\/wp-content\/uploads\/2015\/06\/\u015bcie\u017cka-01.mp3?_=2\" \/><a href=\"https:\/\/parafiatokarnia.pl\/wp-content\/uploads\/2015\/06\/\u015bcie\u017cka-01.mp3\">https:\/\/parafiatokarnia.pl\/wp-content\/uploads\/2015\/06\/\u015bcie\u017cka-01.mp3<\/a><\/audio>\n<p>&#8222;MATKO MOJEGO WEZWANIA&#8221;<\/p>\n<audio class=\"wp-audio-shortcode\" id=\"audio-167-3\" preload=\"none\" style=\"width: 100%;\" controls=\"controls\"><source type=\"audio\/mpeg\" src=\"https:\/\/parafiatokarnia.pl\/wp-content\/uploads\/2015\/06\/\u015bcie\u017cka-05.mp3?_=3\" \/><a href=\"https:\/\/parafiatokarnia.pl\/wp-content\/uploads\/2015\/06\/\u015bcie\u017cka-05.mp3\">https:\/\/parafiatokarnia.pl\/wp-content\/uploads\/2015\/06\/\u015bcie\u017cka-05.mp3<\/a><\/audio>\n<p>&#8222;MARYJO, \u015aLICZNA PANI&#8221;<\/p>\n<audio class=\"wp-audio-shortcode\" id=\"audio-167-4\" preload=\"none\" style=\"width: 100%;\" controls=\"controls\"><source type=\"audio\/mpeg\" src=\"https:\/\/parafiatokarnia.pl\/wp-content\/uploads\/2015\/06\/\u015bcie\u017cka-12.mp3?_=4\" \/><a href=\"https:\/\/parafiatokarnia.pl\/wp-content\/uploads\/2015\/06\/\u015bcie\u017cka-12.mp3\">https:\/\/parafiatokarnia.pl\/wp-content\/uploads\/2015\/06\/\u015bcie\u017cka-12.mp3<\/a><\/audio>\n<p>&nbsp;<\/p>\n<p style=\"text-align: center;\">SCHOLA PARAFIALNA<\/p>\n<p style=\"text-align: center;\">&#8222;\u015aNIE\u017bNEJ PANI&#8221;<\/p>\n<p style=\"text-align: center;\">TOKARNIA<\/p>\n<p><a href=\"https:\/\/parafiatokarnia.pl\/wp-content\/uploads\/2015\/06\/SCHOLA.jpg\"><img decoding=\"async\" class=\"aligncenter size-full wp-image-1330 lazyload\" data-src=\"https:\/\/parafiatokarnia.pl\/wp-content\/uploads\/2015\/06\/SCHOLA.jpg\" alt=\"SCHOLA\" width=\"960\" height=\"639\" data-srcset=\"https:\/\/parafiatokarnia.pl\/wp-content\/uploads\/2015\/06\/SCHOLA.jpg 960w, https:\/\/parafiatokarnia.pl\/wp-content\/uploads\/2015\/06\/SCHOLA-300x200.jpg 300w, https:\/\/parafiatokarnia.pl\/wp-content\/uploads\/2015\/06\/SCHOLA-768x511.jpg 768w, https:\/\/parafiatokarnia.pl\/wp-content\/uploads\/2015\/06\/SCHOLA-600x400.jpg 600w\" data-sizes=\"(max-width: 960px) 100vw, 960px\" src=\"data:image\/svg+xml;base64,PHN2ZyB3aWR0aD0iMSIgaGVpZ2h0PSIxIiB4bWxucz0iaHR0cDovL3d3dy53My5vcmcvMjAwMC9zdmciPjwvc3ZnPg==\" style=\"--smush-placeholder-width: 960px; --smush-placeholder-aspect-ratio: 960\/639;\" \/><\/a><em>Zdj\u0119cie: archiwum prywatne p. Teresy Hans<\/em><\/p>\n<p>&nbsp;<\/p>\n","protected":false},"excerpt":{"rendered":"<p>Schola parafialna &#8222;\u015anie\u017cnej Pani&#8221; powsta\u0142a w lipcu 2011 r. Jej za\u0142o\u017cycielk\u0105 i prowadz\u0105c\u0105 jest p. Teresa Hans.\u00a0Celem scholi jest, aby dzieci swoim \u015bpiewem ubogaca\u0142y niedzielne Msze \u015bwi\u0119te i czyni\u0142y to na Chwa\u0142\u0119 Bo\u017c\u0105. Naszym mottem jest: &#8222;\u015apiewam Pani, Panu swemu, bo s\u0105 bliscy sercu memu. I raduje si\u0119 ma dusza, kiedy innych serca wzrusza&#8221;. W [&hellip;]<\/p>\n","protected":false},"author":2,"featured_media":713,"parent":163,"menu_order":0,"comment_status":"closed","ping_status":"closed","template":"","meta":{"footnotes":""},"class_list":["post-167","page","type-page","status-publish","has-post-thumbnail","hentry"],"_links":{"self":[{"href":"https:\/\/parafiatokarnia.pl\/index.php?rest_route=\/wp\/v2\/pages\/167","targetHints":{"allow":["GET"]}}],"collection":[{"href":"https:\/\/parafiatokarnia.pl\/index.php?rest_route=\/wp\/v2\/pages"}],"about":[{"href":"https:\/\/parafiatokarnia.pl\/index.php?rest_route=\/wp\/v2\/types\/page"}],"author":[{"embeddable":true,"href":"https:\/\/parafiatokarnia.pl\/index.php?rest_route=\/wp\/v2\/users\/2"}],"replies":[{"embeddable":true,"href":"https:\/\/parafiatokarnia.pl\/index.php?rest_route=%2Fwp%2Fv2%2Fcomments&post=167"}],"version-history":[{"count":28,"href":"https:\/\/parafiatokarnia.pl\/index.php?rest_route=\/wp\/v2\/pages\/167\/revisions"}],"predecessor-version":[{"id":1576,"href":"https:\/\/parafiatokarnia.pl\/index.php?rest_route=\/wp\/v2\/pages\/167\/revisions\/1576"}],"up":[{"embeddable":true,"href":"https:\/\/parafiatokarnia.pl\/index.php?rest_route=\/wp\/v2\/pages\/163"}],"wp:featuredmedia":[{"embeddable":true,"href":"https:\/\/parafiatokarnia.pl\/index.php?rest_route=\/wp\/v2\/media\/713"}],"wp:attachment":[{"href":"https:\/\/parafiatokarnia.pl\/index.php?rest_route=%2Fwp%2Fv2%2Fmedia&parent=167"}],"curies":[{"name":"wp","href":"https:\/\/api.w.org\/{rel}","templated":true}]}}