{"id":165,"date":"2015-06-09T09:43:43","date_gmt":"2015-06-09T09:43:43","guid":{"rendered":"https:\/\/parafiatokarnia.pl\/?page_id=165"},"modified":"2015-07-07T13:27:43","modified_gmt":"2015-07-07T13:27:43","slug":"liturgiczna-slozba-oltarza","status":"publish","type":"page","link":"https:\/\/parafiatokarnia.pl\/?page_id=165","title":{"rendered":"Liturgiczna S\u0142u\u017cba O\u0142tarza"},"content":{"rendered":"<p>GRUPA I<\/p>\n<p>Piotr Derewecki<\/p>\n<p>Patryk Kie\u0142tyka<\/p>\n<p>Daniel Pasiowiec<\/p>\n<p>Krzysztof Dyrcz<\/p>\n<p>Micha\u0142 Le\u015bniak<\/p>\n<p>Jakub S\u0142onina<\/p>\n<p>Wiktor Wietrzyk<\/p>\n<p>&nbsp;<\/p>\n<p>GRUPA II<\/p>\n<p>Piotr Osielczak<\/p>\n<p>Micha\u0142 Pachura<\/p>\n<p>Krzysztof Korze\u0144<\/p>\n<p>Konrad Hanusiak<\/p>\n<p>Mateusz Filipek<\/p>\n<p>Mateusz Makusek<\/p>\n<p>Jakub Rapacz<\/p>\n<p>&nbsp;<\/p>\n<p>GRUPA III<\/p>\n<p>Robert S\u0142onina<\/p>\n<p>Daniel Hucisko<\/p>\n<p>Artur S\u0142onina<\/p>\n<p>Karol Makusek<\/p>\n<p>Tomasz Filipek<\/p>\n<p>Marcin Barglik<\/p>\n<p>Andrzej Gwi\u017cd\u017c<\/p>\n<p>&nbsp;<\/p>\n<p>GRUPA IV<\/p>\n<p>Micha\u0142 Wr\u00f3bel<\/p>\n<p>Piotr Lorek<\/p>\n<p>Grzegorz Majerek<\/p>\n<p>Wojciech Molus<\/p>\n<p>Kacper Pajka<\/p>\n<p>Micha\u0142 Hanusiak<\/p>\n<p>Krzysztof Hanusiak<\/p>\n<p>Adrian Nosidlak<\/p>\n<p>&nbsp;<\/p>\n<p>&nbsp;<\/p>\n<p style=\"text-align: center;\"><strong>\u00a0MINISTRANT<\/strong><\/p>\n<p style=\"text-align: justify;\">Kto to jest ministrant?<\/p>\n<p style=\"text-align: justify;\">S\u0142u\u017cymy Bogu, kiedy przyczyniamy si\u0119 do tego, aby liturgia by\u0142a pi\u0119kna.<\/p>\n<p style=\"text-align: justify;\">1. Ministrant jest POMOCNIKIEM przy sprawowaniu Mszy \u015bwi\u0119tej i podczas innych nabo\u017ce\u0144stw. Ministrant us\u0142uguje ksi\u0119dzu, gdy przygotowywany jest o\u0142tarz i dary ofiarne potrzebne do Mszy \u015bwi\u0119tej. Pomaga po zako\u0144czeniu Mszy \u015bwi\u0119tej.<\/p>\n<p style=\"text-align: justify;\">2. Ministrant jest tym, kt\u00f3ry NIESIE ZNAKI. Ministrant niesie pewne okre\u015blone przedmioty, kt\u00f3re s\u0105 dla liturgii niezb\u0119dne. S\u0105 to przedmioty, kt\u00f3re dla liturgii maj\u0105 szczeg\u00f3lne znaczenie. One maj\u0105 ludziom wierz\u0105cym co\u015b przedstawia\u0107 i wskazywa\u0107 na inn\u0105 rzeczywisto\u015b\u0107.<\/p>\n<p style=\"text-align: justify;\">3. Ministrant powinien sam BY\u0106 ZNAKIEM. Ministrant przez s\u0142u\u017cb\u0119 wskazuje, \u017ce ka\u017cda liturgia i ka\u017cde nabo\u017ce\u0144stwo nie jest tylko spraw\u0105 kap\u0142ana, lecz spraw\u0105 ca\u0142ej parafii i wszystkich wiernych. Ministrant s\u0142u\u017c\u0105c pokazuje, \u017ce \u201euczestniczy\u0107 w liturgii\u201d to znaczy nie tylko s\u0142ucha\u0107 czy si\u0119 przygl\u0105da\u0107, ale wsp\u00f3\u0142dzia\u0142a\u0107, wsp\u00f3\u0142tworzy\u0107, czynnie si\u0119 w ni\u0105 anga\u017cowa\u0107.<\/p>\n<p style=\"text-align: center;\"><strong>MODLITWA MINISTRANTA<\/strong><\/p>\n<p><strong>MODLITWA PRZED MSZ\u0104 \u015aWI\u0118T\u0104<\/strong><br \/>\nOto za chwil\u0119 przyst\u0105pi\u0119 \u201eDo O\u0142tarza Bo\u017cego, do Boga, kt\u00f3ry rozwesela m\u0142odo\u015b\u0107 moj\u0105\u201d.<br \/>\nDo \u015bwi\u0119tej przyst\u0119puj\u0119 s\u0142u\u017cby. Chc\u0119 j\u0105 dobrze pe\u0142ni\u0107.<br \/>\nProsz\u0119 Ci\u0119, Panie Jezu, o \u0142ask\u0119 skupienia,<br \/>\naby my\u015bli moje by\u0142y przy Tobie,<br \/>\naby oczy moje by\u0142y zwr\u00f3cone na o\u0142tarz,<br \/>\na serce moje oddane tylko Tobie. Amen.<\/p>\n<p style=\"text-align: justify;\"><strong>MODLITWA PO MSZY \u015aWI\u0118TEJ<\/strong><br \/>\nBo\u017ce, kt\u00f3rego dobro\u0107 powo\u0142a\u0142a mnie do Twej s\u0142u\u017cby, spraw, bym u\u015bwi\u0119cony uczestnictwem w Twych tajemnicach przez dzie\u0144 dzisiejszy i ca\u0142e me \u017cycie szed\u0142 tylko drog\u0105 zbawienia.<br \/>\nPrzez Chrystusa, Pana naszego. Amen.<\/p>\n<p style=\"text-align: center;\"><strong>STOPNIE MINISTRANCKIE<\/strong><\/p>\n<p style=\"text-align: justify;\">Stopnie ministranckie s\u0105 wyznacznikiem formacji w S\u0142u\u017cbie Liturgicznej. Formacja w ramach ka\u017cdego z nich trwa 1 rok. Jest ona elementem i integraln\u0105 cz\u0119\u015bci\u0105 pos\u0142ugi ministranckiej. Formacja ministrancka trwa w czasie roku szkolnego, w ramach spotka\u0144 grupowych.<\/p>\n<p style=\"text-align: justify;\">1. Kandydat<\/p>\n<p style=\"text-align: justify;\"><a href=\"https:\/\/parafiatokarnia.pl\/wp-content\/uploads\/2015\/06\/00_Kandydat.jpg\"><img decoding=\"async\" class=\"alignnone size-full wp-image-612 lazyload\" data-src=\"https:\/\/parafiatokarnia.pl\/wp-content\/uploads\/2015\/06\/00_Kandydat.jpg\" alt=\"00_Kandydat\" width=\"100\" height=\"136\" src=\"data:image\/svg+xml;base64,PHN2ZyB3aWR0aD0iMSIgaGVpZ2h0PSIxIiB4bWxucz0iaHR0cDovL3d3dy53My5vcmcvMjAwMC9zdmciPjwvc3ZnPg==\" style=\"--smush-placeholder-width: 100px; --smush-placeholder-aspect-ratio: 100\/136;\" \/><\/a><\/p>\n<p style=\"text-align: justify;\">Okres ten powinien trwa\u0107 rok. W tym czasie przyszli ministranci nie zak\u0142adaj\u0105 jeszcze kom\u017cy ani \u017cadnej innej szaty liturgicznej. Na zbi\u00f3rkach ucz\u0105 si\u0119 podstaw s\u0142u\u017cenia oraz poznaj\u0105 modlitwy ministranckie. Po wst\u0119pnym okresie przygotowania, kt\u00f3ry trwa oko\u0142o 3 miesi\u0119cy, przyjmowani s\u0105 uroczy\u015bcie na kandydat\u00f3w. Nast\u0119pnie, przez kolejne 6 do 9 miesi\u0119cy, pog\u0142\u0119biaj\u0105 swoj\u0105 wiedz\u0119 o roku liturgicznym, u\u017cywanych szatach i naczyniach liturgicznych oraz kontynuuj\u0105 nauk\u0119 s\u0142u\u017cenia.<\/p>\n<p>2. Choralista<\/p>\n<p><a href=\"https:\/\/parafiatokarnia.pl\/wp-content\/uploads\/2015\/06\/01_Choralista.jpg\"><img decoding=\"async\" class=\"alignnone size-full wp-image-614 lazyload\" data-src=\"https:\/\/parafiatokarnia.pl\/wp-content\/uploads\/2015\/06\/01_Choralista.jpg\" alt=\"01_Choralista\" width=\"111\" height=\"120\" src=\"data:image\/svg+xml;base64,PHN2ZyB3aWR0aD0iMSIgaGVpZ2h0PSIxIiB4bWxucz0iaHR0cDovL3d3dy53My5vcmcvMjAwMC9zdmciPjwvc3ZnPg==\" style=\"--smush-placeholder-width: 111px; --smush-placeholder-aspect-ratio: 111\/120;\" \/><\/a><\/p>\n<p style=\"text-align: justify;\">Najwa\u017cniejsz\u0105 funkcj\u0105 choralisty jest dawanie znak\u00f3w dzwonkami. Czyni to podczas wyj\u015bcia z zakrystii, trzykrotnie dzwoni\u0105c dzwonkiem, kt\u00f3ry wisi przy drzwiach zakrystii. Opr\u00f3cz tego uderza w gong i dzwoni dzwonkami w czasie Eucharystii (przed i po Przygotowaniu Dar\u00f3w, przed i po Przeistoczeniu oraz podczas niego w odpowiednich momentach, oraz po Baranku Bo\u017cy i tu\u017c przed Komuni\u0105 \u015bw.). W czasie formacji choralista uczy si\u0119 \u015bpiewu oraz odpowiedzi na wezwania kap\u0142ana podczas Mszy \u015awi\u0119tej.<\/p>\n<p style=\"text-align: justify;\">3. Ministrant \u015awiat\u0142a<\/p>\n<p style=\"text-align: justify;\"><a href=\"https:\/\/parafiatokarnia.pl\/wp-content\/uploads\/2015\/06\/02_Ministrant_wiat_a.jpg\"><img decoding=\"async\" class=\"alignnone size-full wp-image-615 lazyload\" data-src=\"https:\/\/parafiatokarnia.pl\/wp-content\/uploads\/2015\/06\/02_Ministrant_wiat_a.jpg\" alt=\"02_Ministrant_wiat_a\" width=\"111\" height=\"135\" src=\"data:image\/svg+xml;base64,PHN2ZyB3aWR0aD0iMSIgaGVpZ2h0PSIxIiB4bWxucz0iaHR0cDovL3d3dy53My5vcmcvMjAwMC9zdmciPjwvc3ZnPg==\" style=\"--smush-placeholder-width: 111px; --smush-placeholder-aspect-ratio: 111\/135;\" \/><\/a><\/p>\n<p style=\"text-align: justify;\">Do obowi\u0105zk\u00f3w ministrant\u00f3w \u015bwiat\u0142a nale\u017cy noszenie \u015bwiec podczas procesji oraz w czasie odczytywania Ewangelii. Na zbi\u00f3rkach w szczeg\u00f3lny spos\u00f3b zag\u0142\u0119biaj\u0105 si\u0119 w symbolik\u0119 \u015bwiat\u0142a. Chrystus bowiem zosta\u0142 zapowiadany jako \u015awiat\u0142o\u015b\u0107. Sam r\u00f3wnie\u017c nazywa\u0142 siebie \u015awiat\u0142o\u015bci\u0105 \u015bwiata.<\/p>\n<p style=\"text-align: justify;\">4. Ministrant Ksi\u0119gi<\/p>\n<p style=\"text-align: justify;\"><a href=\"https:\/\/parafiatokarnia.pl\/wp-content\/uploads\/2015\/06\/03_Ministrant_Ksi_gi.jpg\"><img decoding=\"async\" class=\"alignnone size-full wp-image-617 lazyload\" data-src=\"https:\/\/parafiatokarnia.pl\/wp-content\/uploads\/2015\/06\/03_Ministrant_Ksi_gi.jpg\" alt=\"03_Ministrant_Ksi_gi\" width=\"111\" height=\"109\" data-srcset=\"https:\/\/parafiatokarnia.pl\/wp-content\/uploads\/2015\/06\/03_Ministrant_Ksi_gi.jpg 111w, https:\/\/parafiatokarnia.pl\/wp-content\/uploads\/2015\/06\/03_Ministrant_Ksi_gi-55x55.jpg 55w\" data-sizes=\"(max-width: 111px) 100vw, 111px\" src=\"data:image\/svg+xml;base64,PHN2ZyB3aWR0aD0iMSIgaGVpZ2h0PSIxIiB4bWxucz0iaHR0cDovL3d3dy53My5vcmcvMjAwMC9zdmciPjwvc3ZnPg==\" style=\"--smush-placeholder-width: 111px; --smush-placeholder-aspect-ratio: 111\/109;\" \/><\/a><\/p>\n<p style=\"text-align: justify;\">Odpowiedzialny jest za wszelkie ksi\u0119gi liturgiczne u\u017cywane podczas Mszy \u015awi\u0119tej oraz nabo\u017ce\u0144stw. Przed liturgi\u0105 do jego obowi\u0105zk\u00f3w nale\u017cy zaznaczenie odpowiednich czyta\u0144 w lekcjonarzu, przygotowanie Ewangeliarza oraz Msza\u0142u. Podczas Mszy \u015awi\u0119tej podaje Msza\u0142 kap\u0142anowi sprawuj\u0105cemu Eucharysti\u0119. Musi wi\u0119c zna\u0107 dok\u0142adnie uk\u0142ad i rozmieszczenie tekst\u00f3w.<\/p>\n<p>5. Ministrant S\u0142owa Bo\u017cego (Lektor)<\/p>\n<p><a href=\"https:\/\/parafiatokarnia.pl\/wp-content\/uploads\/2015\/06\/04_Ministrant-S\u0142owa-Boz\u0307ego-Lektor.jpg\"><img decoding=\"async\" class=\"alignnone size-full wp-image-619 lazyload\" data-src=\"https:\/\/parafiatokarnia.pl\/wp-content\/uploads\/2015\/06\/04_Ministrant-S\u0142owa-Boz\u0307ego-Lektor.jpg\" alt=\"04_Ministrant S\u0142owa Boz\u0307ego (Lektor)\" width=\"111\" height=\"118\" src=\"data:image\/svg+xml;base64,PHN2ZyB3aWR0aD0iMSIgaGVpZ2h0PSIxIiB4bWxucz0iaHR0cDovL3d3dy53My5vcmcvMjAwMC9zdmciPjwvc3ZnPg==\" style=\"--smush-placeholder-width: 111px; --smush-placeholder-aspect-ratio: 111\/118;\" \/><\/a><\/p>\n<p style=\"text-align: justify;\">Ustanowiony do czytania fragment\u00f3w z Pisma \u015awi\u0119tego, z wyj\u0105tkiem Ewangelii. Mo\u017ce r\u00f3wnie\u017c podawa\u0107 intencje modlitwy powszechnej, a gdy niema kantora (psa\u0142terzysty), mo\u017ce r\u00f3wnie\u017c wykona\u0107 psalm mi\u0119dzy czytaniami i \u015bpiew przed Ewangeli\u0105. Ka\u017cdy ministrant, kt\u00f3ry chce zosta\u0107 lektorem, powinien przej\u015b\u0107 kurs poprawnego czytania i szacunku do Pisma \u015awi\u0119tego.<br \/>\nTen stopie\u0144 ministrancki obejmuje r\u00f3wnie\u017c pos\u0142ug\u0119 Psa\u0142terzysty, kt\u00f3ry wykonuje psalm mi\u0119dzy czytaniami oraz aklamacj\u0119 przed Ewangeli\u0105.<\/p>\n<p>6. Ministrant O\u0142tarza<\/p>\n<p><a href=\"https:\/\/parafiatokarnia.pl\/wp-content\/uploads\/2015\/06\/05_Ministrant_O_tarza.jpg\"><img decoding=\"async\" class=\"alignnone size-full wp-image-622 lazyload\" data-src=\"https:\/\/parafiatokarnia.pl\/wp-content\/uploads\/2015\/06\/05_Ministrant_O_tarza.jpg\" alt=\"05_Ministrant_O_tarza\" width=\"111\" height=\"111\" data-srcset=\"https:\/\/parafiatokarnia.pl\/wp-content\/uploads\/2015\/06\/05_Ministrant_O_tarza.jpg 111w, https:\/\/parafiatokarnia.pl\/wp-content\/uploads\/2015\/06\/05_Ministrant_O_tarza-150x150.jpg 150w, https:\/\/parafiatokarnia.pl\/wp-content\/uploads\/2015\/06\/05_Ministrant_O_tarza-180x180.jpg 180w, https:\/\/parafiatokarnia.pl\/wp-content\/uploads\/2015\/06\/05_Ministrant_O_tarza-55x55.jpg 55w\" data-sizes=\"(max-width: 111px) 100vw, 111px\" src=\"data:image\/svg+xml;base64,PHN2ZyB3aWR0aD0iMSIgaGVpZ2h0PSIxIiB4bWxucz0iaHR0cDovL3d3dy53My5vcmcvMjAwMC9zdmciPjwvc3ZnPg==\" style=\"--smush-placeholder-width: 111px; --smush-placeholder-aspect-ratio: 111\/111;\" \/><\/a><\/p>\n<p style=\"text-align: justify;\">Najwa\u017cniejszym zadaniem ministranta o\u0142tarza jest s\u0142u\u017cenie kap\u0142anowi przez przynoszenie i podawanie dar\u00f3w oraz wcze\u015bniejsze ich przygotowanie. Dlatego te\u017c na zbi\u00f3rkach formacyjnych poznaje wszystkie naczynia oraz szaty liturgiczne. Troszczy si\u0119 r\u00f3wnie\u017c o to, aby by\u0142y one otoczone wielkim szacunkiem.<\/p>\n<p>7. Ceremoniarz<\/p>\n<p><a href=\"https:\/\/parafiatokarnia.pl\/wp-content\/uploads\/2015\/06\/06_Ceremoniarz.jpg\"><img decoding=\"async\" class=\"alignnone size-full wp-image-621 lazyload\" data-src=\"https:\/\/parafiatokarnia.pl\/wp-content\/uploads\/2015\/06\/06_Ceremoniarz.jpg\" alt=\"06_Ceremoniarz\" width=\"111\" height=\"111\" data-srcset=\"https:\/\/parafiatokarnia.pl\/wp-content\/uploads\/2015\/06\/06_Ceremoniarz.jpg 111w, https:\/\/parafiatokarnia.pl\/wp-content\/uploads\/2015\/06\/06_Ceremoniarz-150x150.jpg 150w, https:\/\/parafiatokarnia.pl\/wp-content\/uploads\/2015\/06\/06_Ceremoniarz-180x180.jpg 180w, https:\/\/parafiatokarnia.pl\/wp-content\/uploads\/2015\/06\/06_Ceremoniarz-55x55.jpg 55w\" data-sizes=\"(max-width: 111px) 100vw, 111px\" src=\"data:image\/svg+xml;base64,PHN2ZyB3aWR0aD0iMSIgaGVpZ2h0PSIxIiB4bWxucz0iaHR0cDovL3d3dy53My5vcmcvMjAwMC9zdmciPjwvc3ZnPg==\" style=\"--smush-placeholder-width: 111px; --smush-placeholder-aspect-ratio: 111\/111;\" \/><\/a><\/p>\n<p>Jest to najbardziej zaszczytna i najwa\u017cniejsza pos\u0142uga w formacji ministranckiej.<\/p>\n<p>Do obowi\u0105zk\u00f3w ceremoniarza nale\u017cy:<\/p>\n<ul>\n<li>przeprowadzenie pr\u00f3by liturgii,<\/li>\n<li>czuwanie nad przebiegiem liturgii,<\/li>\n<li>dawanie znak\u00f3w celebransowi oraz asy\u015bcie, co nale\u017cy w danym momencie zrobi\u0107,<\/li>\n<li>podawanie modlitw i dodatkowych tekst\u00f3w celebransowi,<\/li>\n<li>ustawianie procesji na wej\u015bcie i wyj\u015bcie,<\/li>\n<li>obs\u0142uga mikrofonu,<\/li>\n<li>rozpocz\u0119cie modlitw przed i po Mszy \u015awi\u0119tej,<\/li>\n<li>interweniuje w nietypowych sytuacjach, kt\u00f3re zak\u0142\u00f3caj\u0105 przebieg liturgii, np. brak puryfikaterza, itp.<\/li>\n<\/ul>\n<p>Ceremoniarzem mo\u017ce wi\u0119c zosta\u0107 osoba, kt\u00f3ra dobrze zna liturgi\u0119 i przesz\u0142a odpowiednie kursy.<br \/>\nCeremoniarz mo\u017ce te\u017c pe\u0142ni\u0107 funkcj\u0119 Animatora, kt\u00f3ry pomaga opiekunowi ministrant\u00f3w w formacji os\u00f3b nale\u017c\u0105cych do Wsp\u00f3lnoty Ministranckiej. Musi wykazywa\u0107 si\u0119 du\u017c\u0105 wiedz\u0105 oraz umiej\u0119tno\u015bci\u0105 pracy z dzie\u0107mi i m\u0142odzie\u017c\u0105.<\/p>\n<p style=\"text-align: center;\"><strong>LEKTOR<\/strong><\/p>\n<p>Kto to jest lektor?<\/p>\n<p style=\"text-align: justify;\">Lektor\u00a0\u2013 pos\u0142uga w Ko\u015bciele Katolickim wi\u0105\u017c\u0105ca si\u0119 z\u00a0odczytywaniem podczas Mszy \u015bw. i nabo\u017ce\u0144stw czyta\u0144 z Pisma \u015awi\u0119tego, z wyj\u0105tkiem Ewangelii (tutaj wyj\u0105tek stanowi\u0105: Niedziela Palmowa i Wielki Pi\u0105tek, kiedy\u00a0lektor mo\u017ce odczyta\u0107 Ewangeli\u0119, nie prosi w\u00f3wczas kap\u0142ana o b\u0142ogos\u0142awie\u0144stwo). Ponadto lektor mo\u017ce odczytywa\u0107 modlitw\u0119 powszechn\u0105 podczas liturgii. Je\u015bli nie ma kantora, lektor wykonuje (mo\u017ce zar\u00f3wno od\u015bpiewa\u0107, jak i odczyta\u0107) psalm responsoryjny. W czasie procesji na wej\u015bcie mo\u017ce ponadto wnie\u015b\u0107 Ksi\u0119g\u0119 Ewangelii \u2013 Ewangeliarz.<\/p>\n<p style=\"text-align: justify;\">Niekiedy, zwa\u017cywszy na okoliczno\u015bci, dopuszcza si\u0119 mo\u017cliwo\u015b\u0107 sprawowania tych czynno\u015bci podczas liturgii przez \u015bwieckich, nie b\u0119d\u0105cych ustanowionymi do tego przez w\u0142adze ko\u015bcieln\u0105. W\u00f3wczas lektorom powierza si\u0119 trosk\u0119 o prawid\u0142owe przygotowanie tych os\u00f3b.<\/p>\n<p style=\"text-align: justify;\">Zadania Lektora<\/p>\n<p style=\"text-align: justify;\">\u201eWszyscy wierni, zgodnie z w\u0142asn\u0105 pozycj\u0105, winni stara\u0107 si\u0119 prowadzi\u0107 \u017cycie \u015bwi\u0119te, przyczynia\u0107 si\u0119 do wzrostu Ko\u015bcio\u0142a i ustawicznie wspiera\u0107 jego \u015bwi\u0119to\u015b\u0107\u201d. (Kodeks Prawa Kanonicznego kan. 210)<\/p>\n<p style=\"text-align: justify;\">Pi\u0119\u0107 przykaza\u0144 lektora:<\/p>\n<ol style=\"text-align: justify;\">\n<li>Lektor poznaje i rozwa\u017ca S\u0142owo Bo\u017ce i stara si\u0119 prowadzi\u0107 \u017cycie wed\u0142ug niego.<\/li>\n<li>Lektor starannie przygotowuje si\u0119 do liturgii przez modlitw\u0119, a tak\u017ce \u0107wiczy tekst czyta\u0144.<\/li>\n<li>Lektor dba o czysto\u015b\u0107 swojej duszy przez regularn\u0105 spowied\u017a. Pilnuje\u00a0czysto\u015bci swojego j\u0119zyka.<\/li>\n<li>Lektor \u015bwiadczy o Chrystusie w swojej codzienno\u015bci, przez post\u0119powanie, postawy i sumienne wype\u0142nianie swych obowi\u0105zk\u00f3w.<\/li>\n<li>Lektor jest przyk\u0142adem dla innych, m\u0142odszych ministrant\u00f3w. Swoim \u017cyciem zach\u0119ca wszystkich do na\u015bladowania wzorc\u00f3w zawartych w\u00a0S\u0142owie Bo\u017cym.<\/li>\n<\/ol>\n<p style=\"text-align: justify;\">Do zada\u0144 lektora nale\u017cy:<\/p>\n<ul style=\"text-align: justify;\">\n<li>wierna s\u0142u\u017cba S\u0142owu Bo\u017cemu;<\/li>\n<li>anga\u017cowanie si\u0119 w sprawy Ko\u015bcio\u0142a;<\/li>\n<li>wsp\u00f3\u0142praca w dziele apostolstwa;<\/li>\n<li>wykonywanie w zgromadzeniu liturgicznym czyta\u0144 biblijnych (wszystkich pr\u00f3cz Ewagelii);<\/li>\n<li>zapowiadanie intencji modlitwy powszechnej.<\/li>\n<\/ul>\n<p style=\"text-align: justify;\">Lektor powinien w sytuacji braku ministrant\u00f3w odpowiednich stopni zatroszczy\u0107 si\u0119 o:<\/p>\n<ul style=\"text-align: justify;\">\n<li>przygotowanie ceremonii liturgicznej;<\/li>\n<li>wyznaczenie funkcji osobom czynnie uczestnicz\u0105cym w liturgii;<\/li>\n<li>przygotowanie i odczytanie komentarzy.<\/li>\n<\/ul>\n<p style=\"text-align: justify;\">Zawsze za sprawowan\u0105 liturgi\u0119 bezpo\u015brednio odpowiada kap\u0142an. Lektor jest pierwszym, kt\u00f3ry bierze wsp\u00f3\u0142odpowiedzialno\u015b\u0107 i bezpo\u015brednio prowadzi pos\u0142ug\u0119 liturgiczn\u0105.<\/p>\n","protected":false},"excerpt":{"rendered":"<p>GRUPA I Piotr Derewecki Patryk Kie\u0142tyka Daniel Pasiowiec Krzysztof Dyrcz Micha\u0142 Le\u015bniak Jakub S\u0142onina Wiktor Wietrzyk &nbsp; GRUPA II Piotr Osielczak Micha\u0142 Pachura Krzysztof Korze\u0144 Konrad Hanusiak Mateusz Filipek Mateusz Makusek Jakub Rapacz &nbsp; GRUPA III Robert S\u0142onina Daniel Hucisko Artur S\u0142onina Karol Makusek Tomasz Filipek Marcin Barglik Andrzej Gwi\u017cd\u017c &nbsp; GRUPA IV Micha\u0142 Wr\u00f3bel [&hellip;]<\/p>\n","protected":false},"author":2,"featured_media":608,"parent":163,"menu_order":0,"comment_status":"closed","ping_status":"closed","template":"","meta":{"footnotes":""},"class_list":["post-165","page","type-page","status-publish","has-post-thumbnail","hentry"],"_links":{"self":[{"href":"https:\/\/parafiatokarnia.pl\/index.php?rest_route=\/wp\/v2\/pages\/165","targetHints":{"allow":["GET"]}}],"collection":[{"href":"https:\/\/parafiatokarnia.pl\/index.php?rest_route=\/wp\/v2\/pages"}],"about":[{"href":"https:\/\/parafiatokarnia.pl\/index.php?rest_route=\/wp\/v2\/types\/page"}],"author":[{"embeddable":true,"href":"https:\/\/parafiatokarnia.pl\/index.php?rest_route=\/wp\/v2\/users\/2"}],"replies":[{"embeddable":true,"href":"https:\/\/parafiatokarnia.pl\/index.php?rest_route=%2Fwp%2Fv2%2Fcomments&post=165"}],"version-history":[{"count":18,"href":"https:\/\/parafiatokarnia.pl\/index.php?rest_route=\/wp\/v2\/pages\/165\/revisions"}],"predecessor-version":[{"id":628,"href":"https:\/\/parafiatokarnia.pl\/index.php?rest_route=\/wp\/v2\/pages\/165\/revisions\/628"}],"up":[{"embeddable":true,"href":"https:\/\/parafiatokarnia.pl\/index.php?rest_route=\/wp\/v2\/pages\/163"}],"wp:featuredmedia":[{"embeddable":true,"href":"https:\/\/parafiatokarnia.pl\/index.php?rest_route=\/wp\/v2\/media\/608"}],"wp:attachment":[{"href":"https:\/\/parafiatokarnia.pl\/index.php?rest_route=%2Fwp%2Fv2%2Fmedia&parent=165"}],"curies":[{"name":"wp","href":"https:\/\/api.w.org\/{rel}","templated":true}]}}