{"id":151,"date":"2015-06-09T09:33:26","date_gmt":"2015-06-09T09:33:26","guid":{"rendered":"https:\/\/parafiatokarnia.pl\/?page_id=151"},"modified":"2015-07-07T13:27:43","modified_gmt":"2015-07-07T13:27:43","slug":"drewniany-kosciol","status":"publish","type":"page","link":"https:\/\/parafiatokarnia.pl\/?page_id=151","title":{"rendered":"Drewniany Ko\u015bci\u00f3\u0142"},"content":{"rendered":"<p><a href=\"https:\/\/parafiatokarnia.pl\/wp-content\/uploads\/2015\/06\/660490_soyka_net10_4.jpg\"><img decoding=\"async\" data-src=\"https:\/\/parafiatokarnia.pl\/wp-content\/uploads\/2015\/06\/660490_soyka_net10_4-300x200.jpg\" alt=\"660490_soyka_net10_4\" width=\"300\" height=\"200\" class=\"alignnone size-medium wp-image-262 lazyload\" data-srcset=\"https:\/\/parafiatokarnia.pl\/wp-content\/uploads\/2015\/06\/660490_soyka_net10_4-300x200.jpg 300w, https:\/\/parafiatokarnia.pl\/wp-content\/uploads\/2015\/06\/660490_soyka_net10_4-600x400.jpg 600w, https:\/\/parafiatokarnia.pl\/wp-content\/uploads\/2015\/06\/660490_soyka_net10_4.jpg 520w\" data-sizes=\"(max-width: 300px) 100vw, 300px\" src=\"data:image\/svg+xml;base64,PHN2ZyB3aWR0aD0iMSIgaGVpZ2h0PSIxIiB4bWxucz0iaHR0cDovL3d3dy53My5vcmcvMjAwMC9zdmciPjwvc3ZnPg==\" style=\"--smush-placeholder-width: 300px; --smush-placeholder-aspect-ratio: 300\/200;\" \/><\/a><\/p>\n<p><a href=\"https:\/\/parafiatokarnia.pl\/wp-content\/uploads\/2015\/06\/660490_soyka_net01_4.jpg\"><img decoding=\"async\" data-src=\"https:\/\/parafiatokarnia.pl\/wp-content\/uploads\/2015\/06\/660490_soyka_net01_4-300x200.jpg\" alt=\"660490_soyka_net01_4\" width=\"300\" height=\"200\" class=\"alignnone size-medium wp-image-261 lazyload\" src=\"data:image\/svg+xml;base64,PHN2ZyB3aWR0aD0iMSIgaGVpZ2h0PSIxIiB4bWxucz0iaHR0cDovL3d3dy53My5vcmcvMjAwMC9zdmciPjwvc3ZnPg==\" style=\"--smush-placeholder-width: 300px; --smush-placeholder-aspect-ratio: 300\/200;\" \/><\/a><\/p>\n<p><a href=\"https:\/\/parafiatokarnia.pl\/wp-content\/uploads\/2015\/06\/660489_soyka_net09_4.jpg\"><img decoding=\"async\" data-src=\"https:\/\/parafiatokarnia.pl\/wp-content\/uploads\/2015\/06\/660489_soyka_net09_4-300x200.jpg\" alt=\"660489_soyka_net09_4\" width=\"300\" height=\"200\" class=\"alignnone size-medium wp-image-260 lazyload\" data-srcset=\"https:\/\/parafiatokarnia.pl\/wp-content\/uploads\/2015\/06\/660489_soyka_net09_4-300x200.jpg 300w, https:\/\/parafiatokarnia.pl\/wp-content\/uploads\/2015\/06\/660489_soyka_net09_4-600x400.jpg 600w, https:\/\/parafiatokarnia.pl\/wp-content\/uploads\/2015\/06\/660489_soyka_net09_4.jpg 520w\" data-sizes=\"(max-width: 300px) 100vw, 300px\" src=\"data:image\/svg+xml;base64,PHN2ZyB3aWR0aD0iMSIgaGVpZ2h0PSIxIiB4bWxucz0iaHR0cDovL3d3dy53My5vcmcvMjAwMC9zdmciPjwvc3ZnPg==\" style=\"--smush-placeholder-width: 300px; --smush-placeholder-aspect-ratio: 300\/200;\" \/><\/a><\/p>\n<p><a href=\"https:\/\/parafiatokarnia.pl\/wp-content\/uploads\/2015\/06\/660489_soyka_net07_4.jpg\"><img decoding=\"async\" data-src=\"https:\/\/parafiatokarnia.pl\/wp-content\/uploads\/2015\/06\/660489_soyka_net07_4-300x200.jpg\" alt=\"660489_soyka_net07_4\" width=\"300\" height=\"200\" class=\"alignnone size-medium wp-image-258 lazyload\" data-srcset=\"https:\/\/parafiatokarnia.pl\/wp-content\/uploads\/2015\/06\/660489_soyka_net07_4-300x200.jpg 300w, https:\/\/parafiatokarnia.pl\/wp-content\/uploads\/2015\/06\/660489_soyka_net07_4-600x400.jpg 600w, https:\/\/parafiatokarnia.pl\/wp-content\/uploads\/2015\/06\/660489_soyka_net07_4.jpg 520w\" data-sizes=\"(max-width: 300px) 100vw, 300px\" src=\"data:image\/svg+xml;base64,PHN2ZyB3aWR0aD0iMSIgaGVpZ2h0PSIxIiB4bWxucz0iaHR0cDovL3d3dy53My5vcmcvMjAwMC9zdmciPjwvc3ZnPg==\" style=\"--smush-placeholder-width: 300px; --smush-placeholder-aspect-ratio: 300\/200;\" \/><\/a><\/p>\n<p><a href=\"https:\/\/parafiatokarnia.pl\/wp-content\/uploads\/2015\/06\/660489_soyka_net08_4.jpg\"><img decoding=\"async\" data-src=\"https:\/\/parafiatokarnia.pl\/wp-content\/uploads\/2015\/06\/660489_soyka_net08_4-300x200.jpg\" alt=\"660489_soyka_net08_4\" width=\"300\" height=\"200\" class=\"alignnone size-medium wp-image-259 lazyload\" data-srcset=\"https:\/\/parafiatokarnia.pl\/wp-content\/uploads\/2015\/06\/660489_soyka_net08_4-300x200.jpg 300w, https:\/\/parafiatokarnia.pl\/wp-content\/uploads\/2015\/06\/660489_soyka_net08_4-600x400.jpg 600w, https:\/\/parafiatokarnia.pl\/wp-content\/uploads\/2015\/06\/660489_soyka_net08_4.jpg 520w\" data-sizes=\"(max-width: 300px) 100vw, 300px\" src=\"data:image\/svg+xml;base64,PHN2ZyB3aWR0aD0iMSIgaGVpZ2h0PSIxIiB4bWxucz0iaHR0cDovL3d3dy53My5vcmcvMjAwMC9zdmciPjwvc3ZnPg==\" style=\"--smush-placeholder-width: 300px; --smush-placeholder-aspect-ratio: 300\/200;\" \/><\/a><\/p>\n","protected":false},"excerpt":{"rendered":"","protected":false},"author":2,"featured_media":0,"parent":119,"menu_order":0,"comment_status":"closed","ping_status":"closed","template":"tpl-gallery-images.php","meta":{"footnotes":""},"class_list":["post-151","page","type-page","status-publish","hentry"],"_links":{"self":[{"href":"https:\/\/parafiatokarnia.pl\/index.php?rest_route=\/wp\/v2\/pages\/151","targetHints":{"allow":["GET"]}}],"collection":[{"href":"https:\/\/parafiatokarnia.pl\/index.php?rest_route=\/wp\/v2\/pages"}],"about":[{"href":"https:\/\/parafiatokarnia.pl\/index.php?rest_route=\/wp\/v2\/types\/page"}],"author":[{"embeddable":true,"href":"https:\/\/parafiatokarnia.pl\/index.php?rest_route=\/wp\/v2\/users\/2"}],"replies":[{"embeddable":true,"href":"https:\/\/parafiatokarnia.pl\/index.php?rest_route=%2Fwp%2Fv2%2Fcomments&post=151"}],"version-history":[{"count":7,"href":"https:\/\/parafiatokarnia.pl\/index.php?rest_route=\/wp\/v2\/pages\/151\/revisions"}],"predecessor-version":[{"id":273,"href":"https:\/\/parafiatokarnia.pl\/index.php?rest_route=\/wp\/v2\/pages\/151\/revisions\/273"}],"up":[{"embeddable":true,"href":"https:\/\/parafiatokarnia.pl\/index.php?rest_route=\/wp\/v2\/pages\/119"}],"wp:attachment":[{"href":"https:\/\/parafiatokarnia.pl\/index.php?rest_route=%2Fwp%2Fv2%2Fmedia&parent=151"}],"curies":[{"name":"wp","href":"https:\/\/api.w.org\/{rel}","templated":true}]}}