{"id":149,"date":"2015-06-09T09:33:14","date_gmt":"2015-06-09T09:33:14","guid":{"rendered":"https:\/\/parafiatokarnia.pl\/?page_id=149"},"modified":"2015-07-07T13:27:53","modified_gmt":"2015-07-07T13:27:53","slug":"historia-parafii","status":"publish","type":"page","link":"https:\/\/parafiatokarnia.pl\/?page_id=149","title":{"rendered":"Historia parafii"},"content":{"rendered":"<p style=\"text-align: justify;\">Od po\u0142owy XIV wieku Tokarnia i Wi\u0119cier\u017ca nale\u017ca\u0142y do parafii w Pcimiu.<\/p>\n<p style=\"text-align: justify;\">Dnia 10 listopada 1492 roku dekretem Ferdynada Jagiello\u0144czyka, biskupa krakowskiego i ksi\u0119cia siewierskiego, p\u00f3\u017aniejszego kardyna\u0142a, syna kr\u00f3la Kazimierza Jagiello\u0144czyka i El\u017cbiety Rakuszanki utworzono now\u0105 parafi\u0119 w \u0141\u0119towni, najstarsz\u0105 w dekanacie makowskim.<\/p>\n<p style=\"text-align: justify;\">Parafi\u0119 macierzyst\u0105 uposa\u017ca Miko\u0142aj Jordan z Zakliczyna herbu Trzy Tr\u0105by, w\u00f3jt my\u015blenicki i kasztelan wojnicki, pragn\u0105c, \u201eby lud cz\u0119\u015bciej przyst\u0119powa\u0142 do sakrament\u00f3w \u015bwi\u0119tych i rozwija\u0142o si\u0119 w pe\u0142ni \u017cycie religijne\u201d.<\/p>\n<p style=\"text-align: justify;\">Drewnian\u0105 kaplic\u0119 w Tokarni buduje prawdopodobnie oko\u0142o 1570 roku syn Miko\u0142aja, Wawrzyniec Spytek Jordan, podskarbi wielki koronny od 1550, kasztelan krakowski od 1565, wojewoda krakowski od 1561 i sandomierski od 1555, kasztelan s\u0105decki od 1549, lub jego \u017cona Anna z Sieniawskich, c\u00f3rka hetmana Miko\u0142aja Sieniawskiego.<\/p>\n<p style=\"text-align: justify;\">W spisie inwentarza d\u00f3br ziemskich z dnia 11 maja 1643 roku, zapisano, \u017ce kaplica stoj\u0105ca w ogrodzie mia\u0142a dwa o\u0142tarze i przysionek (zakrysti\u0119), kilka okien i \u0142awek.<\/p>\n<p style=\"text-align: justify;\">W 1806 roku dokonano remontu kaplicy, a w 1877 roku, dzi\u0119ki staraniom o. Ludwika Sroczy\u0144skiego, dominikanina, tutejszego rodaka, przy pomocy \u00f3wczesnych dziedzic\u00f3w Erazma i Florentyny Targowskich powi\u0119kszono o dodatkow\u0105 naw\u0119.<\/p>\n<p style=\"text-align: justify;\">Drewniany ko\u015bci\u00f3\u0142ek wybudowano \u201ena zr\u0105b\u201d w kierunku wschodnim. Posiada\u0142 prezbiterium zamkniete wieloboczne oraz szersz\u0105 naw\u0105 w kszta\u0142cie prostok\u0105ta. Sklepienie pozornie kolebkowe w nawie z p\u0142askimi odcinkami stropowymi po bokach. Najcenniejszymi elementami wyposa\u017cenia ko\u015bcio\u0142a by\u0142 o\u0142tarz g\u0142\u00f3wny p\u00f3\u017anobarokowy z XVIII wieku, drewniana ambona barokowa z pocz\u0105tku XVIII wieku przeniesiona ze Su\u0142kowic, lichtarze z 1749 roku, relikwiarzyk rokokowy z 1806 roku oraz lampy wieczne.<\/p>\n<p style=\"text-align: justify;\">Tokarski ko\u015bci\u00f3\u0142ek o cechach ludowego budownictwa sakralnego wraz z otoczeniem posiada\u0142 niezwykle znacz\u0105c\u0105 warto\u015b\u0107 regionaln\u0105 i krajobrazow\u0105 staj\u0105c si\u0119 obiektem zabytkowym ch\u0119tnie odwiedzanym przez turyst\u00f3w z Polski i zagranicy.<\/p>\n<p style=\"text-align: justify;\">Dzi\u0119ki Bo\u017cej pomocy, zrozumieniu w\u0142adz, wsparciu szczodrych parafian i trosce ks. pra\u0142ata Jana Macha, przeprowadzono w ko\u015bci\u00f3\u0142ku najpilniejsze prace remontowo-konserwatorskie, gdy\u017c wybudowana bez fundament\u00f3w na wilgotnym terenie \u015bwi\u0105tynia grozi\u0142a zawaleniem.<\/p>\n<p style=\"text-align: justify;\">W pobli\u017cu ko\u015bci\u00f3\u0142ka znajdowa\u0142y si\u0119 zabytkowe drewniane kapliczki, dedykowane bolesnej cz\u0119\u015bci R\u00f3\u017ca\u0144ca \u015awi\u0119tego, b\u0119d\u0105ce wyrazem pami\u0119ci i czci dla Um\u0119czonych, Poleg\u0142ych i Zmar\u0142ych w Tysi\u0105cleciu Polski.<\/p>\n<p style=\"text-align: justify;\">W nawi\u0105zaniu do prastarego zwyczaju polskiego, obchodzonego uroczy\u015bcie w Niedziel\u0119 Palmow\u0105 przez kilka wiek\u00f3w w naszej Ojczy\u017anie, w \u201eDzwonnicy Tysi\u0105clecia\u201d &#8211; obecnie odrestaurowanej &#8211; przechowuje si\u0119 figur\u0119 Chrystusa na osio\u0142ku, na kt\u00f3rym Jezus wjecha\u0142 do Jerozolimy, autorstwa pana J\u00f3zefa Wrony, ludowego rze\u017abiarza.<\/p>\n<h5 style=\"text-align: justify;\">Ze wspomnie\u0144 zapisanych przez ks. Jana Macha<\/h5>\n","protected":false},"excerpt":{"rendered":"<p>Od po\u0142owy XIV wieku Tokarnia i Wi\u0119cier\u017ca nale\u017ca\u0142y do parafii w Pcimiu. Dnia 10 listopada 1492 roku dekretem Ferdynada Jagiello\u0144czyka, biskupa krakowskiego i ksi\u0119cia siewierskiego, p\u00f3\u017aniejszego kardyna\u0142a, syna kr\u00f3la Kazimierza Jagiello\u0144czyka i El\u017cbiety Rakuszanki utworzono now\u0105 parafi\u0119 w \u0141\u0119towni, najstarsz\u0105 w dekanacie makowskim. Parafi\u0119 macierzyst\u0105 uposa\u017ca Miko\u0142aj Jordan z Zakliczyna herbu Trzy Tr\u0105by, w\u00f3jt my\u015blenicki [&hellip;]<\/p>\n","protected":false},"author":2,"featured_media":0,"parent":0,"menu_order":0,"comment_status":"closed","ping_status":"open","template":"","meta":{"footnotes":""},"class_list":["post-149","page","type-page","status-publish","hentry"],"_links":{"self":[{"href":"https:\/\/parafiatokarnia.pl\/index.php?rest_route=\/wp\/v2\/pages\/149","targetHints":{"allow":["GET"]}}],"collection":[{"href":"https:\/\/parafiatokarnia.pl\/index.php?rest_route=\/wp\/v2\/pages"}],"about":[{"href":"https:\/\/parafiatokarnia.pl\/index.php?rest_route=\/wp\/v2\/types\/page"}],"author":[{"embeddable":true,"href":"https:\/\/parafiatokarnia.pl\/index.php?rest_route=\/wp\/v2\/users\/2"}],"replies":[{"embeddable":true,"href":"https:\/\/parafiatokarnia.pl\/index.php?rest_route=%2Fwp%2Fv2%2Fcomments&post=149"}],"version-history":[{"count":8,"href":"https:\/\/parafiatokarnia.pl\/index.php?rest_route=\/wp\/v2\/pages\/149\/revisions"}],"predecessor-version":[{"id":905,"href":"https:\/\/parafiatokarnia.pl\/index.php?rest_route=\/wp\/v2\/pages\/149\/revisions\/905"}],"wp:attachment":[{"href":"https:\/\/parafiatokarnia.pl\/index.php?rest_route=%2Fwp%2Fv2%2Fmedia&parent=149"}],"curies":[{"name":"wp","href":"https:\/\/api.w.org\/{rel}","templated":true}]}}