{"id":147,"date":"2015-06-09T09:33:02","date_gmt":"2015-06-09T09:33:02","guid":{"rendered":"https:\/\/parafiatokarnia.pl\/?page_id=147"},"modified":"2015-07-07T13:27:54","modified_gmt":"2015-07-07T13:27:54","slug":"malzenstwo","status":"publish","type":"page","link":"https:\/\/parafiatokarnia.pl\/?page_id=147","title":{"rendered":"Ma\u0142\u017ce\u0144stwo"},"content":{"rendered":"<p style=\"text-align: justify;\">W sprawie sakramentu ma\u0142\u017ce\u0144stwa nale\u017cy zg\u0142osi\u0107 si\u0119 wcze\u015bniej przed planowanym terminem, po uprzednim um\u00f3wieniu si\u0119 z kap\u0142anem w celu zarezerwowania terminu zawarcia Sakramentu Ma\u0142\u017ce\u0144stwa.<\/p>\n<p style=\"text-align: justify;\">Na trzy miesi\u0105ce przed zawarciem ma\u0142\u017ce\u0144stwa nupturienci powinni zg\u0142osi\u0107 si\u0119 do kancelarii parafialnej celem spisania protoko\u0142u przed\u015blubnego. Narzeczeni przynosz\u0105 ze sob\u0105:<\/p>\n<ul>\n<li style=\"text-align: justify;\">Metryka chrztu \u015bwi\u0119tego pobrana w parafii chrztu (dokument jest wa\u017cny sze\u015b\u0107 miesi\u0119cy);<\/li>\n<li style=\"text-align: justify;\">\u015awiadectwo sakramentu bierzmowania (je\u015bli nie jest wpisane w metryce chrztu);<\/li>\n<li style=\"text-align: justify;\">\u015awiadectwo z katechezy z ostatniej klasy;<\/li>\n<li style=\"text-align: justify;\">\u015awiadectwo uko\u0144czenia kursu przedma\u0142\u017ce\u0144skiego;<\/li>\n<li style=\"text-align: justify;\">Dowody osobiste;<\/li>\n<li style=\"text-align: justify;\">Za\u015bwiadczenie (3 egzemplarze) stwierdzaj\u0105ce brak okoliczno\u015bci wy\u0142\u0105czaj\u0105cych zawarcie ma\u0142\u017ce\u0144stwa pobrane z Urz\u0119du Stanu Cywilnego. (dotyczy \u015blubu konkordatowego; dokument jest wa\u017cny sze\u015b\u0107 miesi\u0119cy).<\/li>\n<\/ul>\n<p style=\"text-align: justify;\">Posiadaj\u0105c wy\u017cej wymienione dokumenty, po wcze\u015bniejszym um\u00f3wieniu si\u0119 z duszpasterzem nale\u017cy zg\u0142osi\u0107 si\u0119 do kancelarii parafialnej (w parafii narzeczonej lub narzeczonego), w celu spisania protoko\u0142u przed\u015blubnego. W uzasadnionych wypadkach protok\u00f3\u0142 przed\u015blubny mo\u017ce by\u0107 spisany w innej parafii, ale stosowne pozwolenie wystawia w\u0142asna parafia.<\/p>\n<p style=\"text-align: justify;\">Narzeczeni powinni odby\u0107 kurs dla narzeczonych oraz uczestniczy\u0107 w spotkaniach indywidualnych w poradni rodzinnej. Kurs dla narzeczonych mo\u017cna odby\u0107 przed spisaniem protoko\u0142u przed\u015blubnego.<\/p>\n<p style=\"text-align: justify;\">Dla narzeczonych mieszkaj\u0105cych poza parafi\u0105, w kt\u00f3rej spisywany jest protok\u00f3\u0142 przed\u015blubny, wypisywane s\u0105 zapowiedzi przed\u015blubne. Wystawia si\u0119 r\u00f3wnie\u017c za\u015bwiadczenie o wyg\u0142oszeniu zapowiedzi, kt\u00f3re nale\u017cy dostarczy\u0107 do parafii zamieszkania. Po terminie ich wyg\u0142oszenia, za\u015bwiadczenie trzeba osobi\u015bcie odebra\u0107 i dostarczy\u0107 do parafii, gdzie spisywany by\u0142 protok\u00f3\u0142 przed\u015blubny. Zapowiedzi przed\u015blubne wywieszone s\u0105 w gablocie przy ko\u015bciele.<\/p>\n<p style=\"text-align: justify;\">Podczas spisywania protoko\u0142u przed\u015blubnego mog\u0105 by\u0107 wystawione dyspensy \u2013 np. zwolnienie z obowi\u0105zku og\u0142oszenia zapowiedzi, lub pozwolenie kurii na zawarcie ma\u0142\u017ce\u0144stwa z osob\u0105 niewierz\u0105c\u0105, albo innego wyznania.<\/p>\n<p style=\"text-align: justify;\">Po spisaniu protoko\u0142u przed\u015blubnego narzeczeni otrzymuj\u0105 kartki, zobowi\u0105zuj\u0105ce do odbycia dw\u00f3ch spowiedzi przed\u015blubnych. Do pierwszej spowiedzi nale\u017cy przyst\u0105pi\u0107 zaraz po zapowiedziach, natomiast drug\u0105 spowied\u017a nale\u017cy odby\u0107 tu\u017c przed \u015blubem.<\/p>\n<p style=\"text-align: justify;\">Po spisaniu protoko\u0142u przed\u015blubnego i ustaleniu terminu \u015blubu, narzeczeni ponownie zg\u0142aszaj\u0105 si\u0119 do kancelarii parafialnej najp\u00f3\u017aniej tydzie\u0144 przed terminem \u015blubu, w celu om\u00f3wienia ceremonii, ustalenia udzia\u0142u organisty we Mszy \u015bw., ko\u015bcielnego, dekoracji ko\u015bcio\u0142a, fotografa itp.<\/p>\n<p style=\"text-align: justify;\">Do spisania aktu \u015blubu potrzebne s\u0105 dane \u015bwiadk\u00f3w (imi\u0119 i nazwisko, wiek, wyznanie, adres zamieszkania). Godn\u0105 rzecz\u0105 jest, aby ci, kt\u00f3rzy zostali wybrani na \u015bwiadk\u00f3w, wcze\u015bniej odbyli r\u00f3wnie\u017c sakramentaln\u0105 spowied\u017a, aby w czysto\u015bci swego serca mogli towarzyszy\u0107 tym, przez kt\u00f3rych zostali wybrani.<\/p>\n<h4 style=\"text-align: center;\">TEOLOGIA I ZNACZENIE SAKRAMENTU MA\u0141\u017bE\u0143STWA<\/h4>\n<p style=\"text-align: justify;\">Ma\u0142\u017ce\u0144stwo to przymierze, przez kt\u00f3re m\u0119\u017cczyzna i kobieta tworz\u0105 ze sob\u0105 wsp\u00f3lnot\u0119 ca\u0142ego \u017cycia, skierowan\u0105 ze swej natury na:<\/p>\n<ul>\n<li>dobro ma\u0142\u017conk\u00f3w<\/li>\n<li>na zrodzenie i wychowywanie potomstwa.<\/li>\n<\/ul>\n<p style=\"text-align: justify;\">Zawierane mi\u0119dzy ochrzczonymi zosta\u0142o podniesione przez Chrystusa Pana do godno\u015bci sakramentu.<\/p>\n<p style=\"text-align: justify;\">Sakrament ma\u0142\u017ce\u0144stwa udziela \u0142aski mi\u0142owania si\u0119 wzajemnie t\u0105 mi\u0142o\u015bci\u0105, jak\u0105 Chrystus umi\u0142owa\u0142 Ko\u015bci\u00f3\u0142. \u0141aska sakramentu udoskonala zatem ludzk\u0105 mi\u0142o\u015b\u0107 ma\u0142\u017conk\u00f3w, umacnia ich nierozerwaln\u0105 jedno\u015b\u0107 na drodze do \u017cycia wiecznego.<\/p>\n<p style=\"text-align: justify;\">Poniewa\u017c ma\u0142\u017ce\u0144stwo jest w Ko\u015bciele stanem publicznym, dlatego powinno by\u0107 zawierane publicznie w ramach celebracji liturgicznej i wobec zgromadzenia wiernych.<\/p>\n<p style=\"text-align: justify;\">Do istotnych cech (przymiot\u00f3w) ma\u0142\u017ce\u0144stwa nale\u017cy:<\/p>\n<ul>\n<li style=\"text-align: justify;\">jedno\u015b\u0107,<\/li>\n<li style=\"text-align: justify;\">nierozerwalno\u015b\u0107,<\/li>\n<li style=\"text-align: justify;\">otwarto\u015b\u0107 na przyj\u0119cie dzieci.<\/li>\n<\/ul>\n<p style=\"text-align: center;\"><a href=\"https:\/\/parafiatokarnia.pl\/wp-content\/uploads\/2015\/06\/m1.jpg\"><img decoding=\"async\" class=\"alignnone  wp-image-739 lazyload\" data-src=\"https:\/\/parafiatokarnia.pl\/wp-content\/uploads\/2015\/06\/m1-300x201.jpg\" alt=\"m1\" width=\"372\" height=\"249\" src=\"data:image\/svg+xml;base64,PHN2ZyB3aWR0aD0iMSIgaGVpZ2h0PSIxIiB4bWxucz0iaHR0cDovL3d3dy53My5vcmcvMjAwMC9zdmciPjwvc3ZnPg==\" style=\"--smush-placeholder-width: 372px; --smush-placeholder-aspect-ratio: 372\/249;\" \/><\/a><\/p>\n","protected":false},"excerpt":{"rendered":"<p>W sprawie sakramentu ma\u0142\u017ce\u0144stwa nale\u017cy zg\u0142osi\u0107 si\u0119 wcze\u015bniej przed planowanym terminem, po uprzednim um\u00f3wieniu si\u0119 z kap\u0142anem w celu zarezerwowania terminu zawarcia Sakramentu Ma\u0142\u017ce\u0144stwa. Na trzy miesi\u0105ce przed zawarciem ma\u0142\u017ce\u0144stwa nupturienci powinni zg\u0142osi\u0107 si\u0119 do kancelarii parafialnej celem spisania protoko\u0142u przed\u015blubnego. Narzeczeni przynosz\u0105 ze sob\u0105: Metryka chrztu \u015bwi\u0119tego pobrana w parafii chrztu (dokument jest wa\u017cny [&hellip;]<\/p>\n","protected":false},"author":2,"featured_media":792,"parent":208,"menu_order":0,"comment_status":"closed","ping_status":"closed","template":"","meta":{"footnotes":""},"class_list":["post-147","page","type-page","status-publish","has-post-thumbnail","hentry"],"_links":{"self":[{"href":"https:\/\/parafiatokarnia.pl\/index.php?rest_route=\/wp\/v2\/pages\/147","targetHints":{"allow":["GET"]}}],"collection":[{"href":"https:\/\/parafiatokarnia.pl\/index.php?rest_route=\/wp\/v2\/pages"}],"about":[{"href":"https:\/\/parafiatokarnia.pl\/index.php?rest_route=\/wp\/v2\/types\/page"}],"author":[{"embeddable":true,"href":"https:\/\/parafiatokarnia.pl\/index.php?rest_route=\/wp\/v2\/users\/2"}],"replies":[{"embeddable":true,"href":"https:\/\/parafiatokarnia.pl\/index.php?rest_route=%2Fwp%2Fv2%2Fcomments&post=147"}],"version-history":[{"count":22,"href":"https:\/\/parafiatokarnia.pl\/index.php?rest_route=\/wp\/v2\/pages\/147\/revisions"}],"predecessor-version":[{"id":744,"href":"https:\/\/parafiatokarnia.pl\/index.php?rest_route=\/wp\/v2\/pages\/147\/revisions\/744"}],"up":[{"embeddable":true,"href":"https:\/\/parafiatokarnia.pl\/index.php?rest_route=\/wp\/v2\/pages\/208"}],"wp:featuredmedia":[{"embeddable":true,"href":"https:\/\/parafiatokarnia.pl\/index.php?rest_route=\/wp\/v2\/media\/792"}],"wp:attachment":[{"href":"https:\/\/parafiatokarnia.pl\/index.php?rest_route=%2Fwp%2Fv2%2Fmedia&parent=147"}],"curies":[{"name":"wp","href":"https:\/\/api.w.org\/{rel}","templated":true}]}}