{"id":145,"date":"2015-06-09T09:32:54","date_gmt":"2015-06-09T09:32:54","guid":{"rendered":"https:\/\/parafiatokarnia.pl\/?page_id=145"},"modified":"2015-07-07T13:27:54","modified_gmt":"2015-07-07T13:27:54","slug":"kaplanstwo","status":"publish","type":"page","link":"https:\/\/parafiatokarnia.pl\/?page_id=145","title":{"rendered":"Kap\u0142a\u0144stwo"},"content":{"rendered":"<h5 style=\"text-align: center;\">&#8222;Kap\u0142a\u0144stwo to pos\u0142uga \u2013 to po\u015brednictwo miedzy Bogiem, a lud\u017ami. Kap\u0142a\u0144stwo jest mi\u0142o\u015bci\u0105\u201d<\/h5>\n<h5 style=\"text-align: center;\">\u015bw. Jan Pawe\u0142 II<\/h5>\n<p style=\"text-align: justify;\">Wiernych w Ko\u015bciele nazywamy Ludem kap\u0142a\u0144skim, poniewa\u017c przez chrzest wszyscy uczestnicz\u0105 w kap\u0142a\u0144stwie Chrystusa. To uczestniczenie w kap\u0142a\u0144stwie Chrystusa nazywa si\u0119 &#8222;wsp\u00f3lnym kap\u0142a\u0144stwem wiernych&#8221; lub &#8222;kap\u0142a\u0144stwem powszechnym&#8221;.<\/p>\n<p style=\"text-align: justify;\">Opr\u00f3cz kap\u0142a\u0144stwa powszechnego wiernych istnieje jeszcze urz\u0119dowe zwane te\u017c kap\u0142a\u0144stwem s\u0142u\u017cebnym.<\/p>\n<p style=\"text-align: justify;\">Kap\u0142a\u0144stwo s\u0142u\u017cebne przekazywane jest przez sakrament \u015bwi\u0119ce\u0144, a zadaniem jego jest pe\u0142nienie s\u0142u\u017cby we wsp\u00f3lnocie, w imieniu i w osobie Chrystusa.<\/p>\n<p style=\"text-align: justify;\">Mi\u0119dzy kap\u0142a\u0144stwem urz\u0119dowym, a kap\u0142a\u0144stwem wiernych r\u00f3\u017cnica jest istotna, poniewa\u017c kap\u0142a\u0144stwo urz\u0119dowe udziela \u015bwi\u0119tej w\u0142adzy, moc\u0105 kt\u00f3rej kap\u0142ani s\u0142u\u017c\u0105 Ludowi Bo\u017cemu przez nauczanie, sprawowanie kultu Bo\u017cego i duszpasterstwo.<\/p>\n<p style=\"text-align: justify;\">Kap\u0142a\u0144stwo powszechne natomiast uzdalnia i zobowi\u0105zuje wiernych do udzia\u0142u w kulcie Bo\u017cym.<\/p>\n<p style=\"text-align: justify;\">Pos\u0142uga \u015bwi\u0119ce\u0144 kap\u0142a\u0144skich jest od pocz\u0105tku udzielana i wykonywana wed\u0142ug trzech stopni:<\/p>\n<ul>\n<li style=\"text-align: justify;\">episkopatu, (biskup)<\/li>\n<li style=\"text-align: justify;\">prezbiteratu, (kap\u0142an)<\/li>\n<li style=\"text-align: justify;\">diakonatu, (diakon)<\/li>\n<\/ul>\n<p style=\"text-align: justify;\">W strukturze Ko\u015bcio\u0142a stopnie te s\u0105 niezast\u0105pione i bez nich nie ma mowy o Ko\u015bciele.<\/p>\n<p style=\"text-align: justify;\">Sakramentu \u015bwi\u0119ce\u0144 udziela si\u0119 przez w\u0142o\u017cenie r\u0105k i uroczyst\u0105 modlitw\u0119 konsekracyjn\u0105. \u015awi\u0119cenia wyciskaj\u0105 na duszy niezatarty charakter sakramentalny, wskutek czego przyjmuje si\u0119 je tylko jeden raz.<\/p>\n","protected":false},"excerpt":{"rendered":"<p>&#8222;Kap\u0142a\u0144stwo to pos\u0142uga \u2013 to po\u015brednictwo miedzy Bogiem, a lud\u017ami. Kap\u0142a\u0144stwo jest mi\u0142o\u015bci\u0105\u201d \u015bw. Jan Pawe\u0142 II Wiernych w Ko\u015bciele nazywamy Ludem kap\u0142a\u0144skim, poniewa\u017c przez chrzest wszyscy uczestnicz\u0105 w kap\u0142a\u0144stwie Chrystusa. To uczestniczenie w kap\u0142a\u0144stwie Chrystusa nazywa si\u0119 &#8222;wsp\u00f3lnym kap\u0142a\u0144stwem wiernych&#8221; lub &#8222;kap\u0142a\u0144stwem powszechnym&#8221;. Opr\u00f3cz kap\u0142a\u0144stwa powszechnego wiernych istnieje jeszcze urz\u0119dowe zwane te\u017c kap\u0142a\u0144stwem s\u0142u\u017cebnym. [&hellip;]<\/p>\n","protected":false},"author":2,"featured_media":797,"parent":208,"menu_order":0,"comment_status":"closed","ping_status":"closed","template":"","meta":{"footnotes":""},"class_list":["post-145","page","type-page","status-publish","has-post-thumbnail","hentry"],"_links":{"self":[{"href":"https:\/\/parafiatokarnia.pl\/index.php?rest_route=\/wp\/v2\/pages\/145","targetHints":{"allow":["GET"]}}],"collection":[{"href":"https:\/\/parafiatokarnia.pl\/index.php?rest_route=\/wp\/v2\/pages"}],"about":[{"href":"https:\/\/parafiatokarnia.pl\/index.php?rest_route=\/wp\/v2\/types\/page"}],"author":[{"embeddable":true,"href":"https:\/\/parafiatokarnia.pl\/index.php?rest_route=\/wp\/v2\/users\/2"}],"replies":[{"embeddable":true,"href":"https:\/\/parafiatokarnia.pl\/index.php?rest_route=%2Fwp%2Fv2%2Fcomments&post=145"}],"version-history":[{"count":8,"href":"https:\/\/parafiatokarnia.pl\/index.php?rest_route=\/wp\/v2\/pages\/145\/revisions"}],"predecessor-version":[{"id":798,"href":"https:\/\/parafiatokarnia.pl\/index.php?rest_route=\/wp\/v2\/pages\/145\/revisions\/798"}],"up":[{"embeddable":true,"href":"https:\/\/parafiatokarnia.pl\/index.php?rest_route=\/wp\/v2\/pages\/208"}],"wp:featuredmedia":[{"embeddable":true,"href":"https:\/\/parafiatokarnia.pl\/index.php?rest_route=\/wp\/v2\/media\/797"}],"wp:attachment":[{"href":"https:\/\/parafiatokarnia.pl\/index.php?rest_route=%2Fwp%2Fv2%2Fmedia&parent=145"}],"curies":[{"name":"wp","href":"https:\/\/api.w.org\/{rel}","templated":true}]}}