{"id":141,"date":"2015-06-09T09:32:14","date_gmt":"2015-06-09T09:32:14","guid":{"rendered":"https:\/\/parafiatokarnia.pl\/?page_id=141"},"modified":"2015-07-07T13:27:54","modified_gmt":"2015-07-07T13:27:54","slug":"pokuta","status":"publish","type":"page","link":"https:\/\/parafiatokarnia.pl\/?page_id=141","title":{"rendered":"Pokuta"},"content":{"rendered":"<h5 style=\"text-align: center;\">&#8222;Je\u015bli m\u00f3wimy, \u017ce nie zgrzeszyli\u015bmy, czynimy Go k\u0142amc\u0105 i nie ma w nas Jego nauki. Je\u017celi wyznajemy nasze grzechy, B\u00f3g jako wierny i sprawiedliwy odpu\u015bci je nam i oczy\u015bci nas z wszelkiej nieprawo\u015bci&#8221;<\/h5>\n<h5 style=\"text-align: center;\">1 J 1, 10.9<\/h5>\n<p>W sakramencie pokuty B\u00f3g przebacza grzechy pope\u0142nione po chrzcie \u015bwi\u0119tym.<\/p>\n<p>Sakrament ten nazywany jest tak\u017ce:<\/p>\n<ul>\n<li>sakramentem nawr\u00f3cenia;<\/li>\n<li>spowiedzi\u0105 \u015bwi\u0119t\u0105;<\/li>\n<li>sakramentem pojednania.<\/li>\n<\/ul>\n<p style=\"text-align: justify;\">Sakrament pokuty ustanowi\u0142 Pan Jezus w dniu zmartwychwstania, gdy stan\u0105\u0142 w\u015br\u00f3d Aposto\u0142\u00f3w w Wieczerniku, tchn\u0105\u0142 na nich i powiedzia\u0142: &#8222;We\u017amijcie Ducha \u015awi\u0119tego! Kt\u00f3rym odpu\u015bcicie grzechy, s\u0105 im odpuszczone, a kt\u00f3rym zatrzymacie, s\u0105 im zatrzymane&#8221; (J 20, 19-23).<\/p>\n<p style=\"text-align: justify;\">Warunki dobrej spowiedzi:<\/p>\n<ol>\n<li style=\"text-align: justify;\">Rachunek sumienia &#8211; przypomnienie sobie wszystkich grzech\u00f3w od ostatniej, dobrze odprawionej spowiedzi.<\/li>\n<li style=\"text-align: justify;\">\u017bal za grzechy (skrucha) &#8211; bole\u015b\u0107 duszy z powodu zranienia Boga. B\u00f3g bez \u017calu nie odpuszcza \u017cadnego grzechu. Jest najwa\u017cniejszym warunkiem spowiedzi. Je\u017celi \u017ar\u00f3d\u0142em \u017calu jest mi\u0142o\u015b\u0107 do Boga, wtedy \u017cal jest &#8222;doskona\u0142ym&#8221;; je\u015bli opiera si\u0119 na innych motywach, wtedy nazywamy go &#8222;niedoskona\u0142ym&#8221;.<\/li>\n<li style=\"text-align: justify;\">Postanowienie poprawy &#8211; postanowienie unikania wszystkich grzech\u00f3w, zw\u0142aszcza ci\u0119\u017ckich oraz sposobno\u015bci do grzechu. Postanowienie to naprawy wyrz\u0105dzonego z\u0142a.<\/li>\n<li style=\"text-align: justify;\">Szczera spowied\u017a &#8211; wyznanie wszystkich zapami\u0119tanych od ostatniej spowiedzi grzech\u00f3w przed kap\u0142anem, (Boga nigdy nie ok\u0142ami\u0119) w celu uzyskania rozgrzeszenia.<\/li>\n<li style=\"text-align: justify;\">Zado\u015b\u0107uczynienie &#8211; wype\u0142nienie zadanej przez kap\u0142ana pokuty i naprawienie wszystkich szk\u00f3d (w miar\u0119 mo\u017cliwo\u015bci) wyrz\u0105dzonych przez grzech.<\/li>\n<\/ol>\n<p>Grzech ci\u0119\u017cki pope\u0142niamy wtedy gdy czyn jest:<\/p>\n<ul>\n<li style=\"text-align: justify;\">\u015bwiadomy;<\/li>\n<li style=\"text-align: justify;\">dobrowolny;<\/li>\n<li style=\"text-align: justify;\">powa\u017cny przedmiot (materia).<\/li>\n<\/ul>\n<p>Gdy brakuje jednego z warunk\u00f3w grzechu ci\u0119\u017ckiego to grzech jest lekki.<\/p>\n<p>Skutki duchowe sakramentu pokuty:<\/p>\n<ul>\n<li>pojednanie z Bogiem, przez kt\u00f3re penitent odzyska\u0142 \u0142ask\u0119 Bo\u017c\u0105;<\/li>\n<li>pojednanie z Ko\u015bcio\u0142em;<\/li>\n<li>darowanie kary wiecznej, zwi\u0105zanej z grzechami \u015bmiertelnymi;<\/li>\n<li>darowanie, przynajmniej cz\u0119\u015bciowe, kar doczesnych, b\u0119d\u0105cych skutkiem grzech\u00f3w;<\/li>\n<li>pok\u00f3j i pogoda sumienia oraz pociecha duchowa;<\/li>\n<li>wzrost si\u0142 duchowych do walki ze z\u0142em.<\/li>\n<\/ul>\n<p style=\"text-align: justify;\">Indywidualna i kompletna spowied\u017a z grzech\u00f3w ci\u0119\u017ckich oraz rozgrzeszenie, stanowi\u0105 jedyny zwyczajny spos\u00f3b pojednania si\u0119 z Bogiem i Ko\u015bcio\u0142em.<\/p>\n<p style=\"text-align: justify;\">Drog\u0119 powrotu do Boga nazywamy nawr\u00f3ceniem si\u0119 od pope\u0142nionych grzech\u00f3w oraz mocne postanowienie poprawy na przysz\u0142o\u015b\u0107. \u0179r\u00f3d\u0142em nawr\u00f3cenia jest nadzieja na mi\u0142osierdzie Bo\u017ce.<\/p>\n","protected":false},"excerpt":{"rendered":"<p>&#8222;Je\u015bli m\u00f3wimy, \u017ce nie zgrzeszyli\u015bmy, czynimy Go k\u0142amc\u0105 i nie ma w nas Jego nauki. Je\u017celi wyznajemy nasze grzechy, B\u00f3g jako wierny i sprawiedliwy odpu\u015bci je nam i oczy\u015bci nas z wszelkiej nieprawo\u015bci&#8221; 1 J 1, 10.9 W sakramencie pokuty B\u00f3g przebacza grzechy pope\u0142nione po chrzcie \u015bwi\u0119tym. Sakrament ten nazywany jest tak\u017ce: sakramentem nawr\u00f3cenia; spowiedzi\u0105 [&hellip;]<\/p>\n","protected":false},"author":2,"featured_media":786,"parent":208,"menu_order":0,"comment_status":"closed","ping_status":"closed","template":"","meta":{"footnotes":""},"class_list":["post-141","page","type-page","status-publish","has-post-thumbnail","hentry"],"_links":{"self":[{"href":"https:\/\/parafiatokarnia.pl\/index.php?rest_route=\/wp\/v2\/pages\/141","targetHints":{"allow":["GET"]}}],"collection":[{"href":"https:\/\/parafiatokarnia.pl\/index.php?rest_route=\/wp\/v2\/pages"}],"about":[{"href":"https:\/\/parafiatokarnia.pl\/index.php?rest_route=\/wp\/v2\/types\/page"}],"author":[{"embeddable":true,"href":"https:\/\/parafiatokarnia.pl\/index.php?rest_route=\/wp\/v2\/users\/2"}],"replies":[{"embeddable":true,"href":"https:\/\/parafiatokarnia.pl\/index.php?rest_route=%2Fwp%2Fv2%2Fcomments&post=141"}],"version-history":[{"count":9,"href":"https:\/\/parafiatokarnia.pl\/index.php?rest_route=\/wp\/v2\/pages\/141\/revisions"}],"predecessor-version":[{"id":787,"href":"https:\/\/parafiatokarnia.pl\/index.php?rest_route=\/wp\/v2\/pages\/141\/revisions\/787"}],"up":[{"embeddable":true,"href":"https:\/\/parafiatokarnia.pl\/index.php?rest_route=\/wp\/v2\/pages\/208"}],"wp:featuredmedia":[{"embeddable":true,"href":"https:\/\/parafiatokarnia.pl\/index.php?rest_route=\/wp\/v2\/media\/786"}],"wp:attachment":[{"href":"https:\/\/parafiatokarnia.pl\/index.php?rest_route=%2Fwp%2Fv2%2Fmedia&parent=141"}],"curies":[{"name":"wp","href":"https:\/\/api.w.org\/{rel}","templated":true}]}}