{"id":139,"date":"2015-06-09T09:32:08","date_gmt":"2015-06-09T09:32:08","guid":{"rendered":"https:\/\/parafiatokarnia.pl\/?page_id=139"},"modified":"2015-07-07T13:27:53","modified_gmt":"2015-07-07T13:27:53","slug":"najswietszy-sakrament","status":"publish","type":"page","link":"https:\/\/parafiatokarnia.pl\/?page_id=139","title":{"rendered":"Eucharystia"},"content":{"rendered":"<h5 style=\"text-align: center;\">&#8222;Ja jestem chlebem \u017cywym, kt\u00f3ry zst\u0105pi\u0142 z nieba. Je\u015bli kto po\u017cywa ten chleb, b\u0119dzie \u017cy\u0142 na wieki&#8230;<\/h5>\n<h5 style=\"text-align: center;\">Kto spo\u017cywa moje Cia\u0142o i pije moj\u0105 Krew, ma \u017cycie wieczne&#8230; trwa we Mnie, a ja w nim&#8221;<\/h5>\n<h5 style=\"text-align: center;\">(J 6, 51.54.56)<\/h5>\n<p style=\"text-align: justify;\">Dokumenty potrzebne do I Komunii \u015awi\u0119tej:<\/p>\n<p>Metryka chrztu (je\u015bli dziecko by\u0142o ochrzczone w innej parafii, nie w tej w kt\u00f3rej przyst\u0119puje do I komunii \u015bwi\u0119tej).<\/p>\n<ul>\n<li style=\"text-align: justify;\">Chrystus ustanowi\u0142 Eucharysti\u0119 podczas Ostatniej Wieczerzy, gdy wzi\u0105\u0142 chleb, dzi\u0119ki czyni\u0142, po\u0142ama\u0142 go i poda\u0142 uczniom, m\u00f3wi\u0105c: &#8222;To jest Cia\u0142o moje, kt\u00f3re za was b\u0119dzie wydane; czy\u0144cie to na moj\u0105 pami\u0105tk\u0119&#8221;. Po Wieczerzy powiedzia\u0142 nad kielichem: &#8222;Ten kielich, to Nowe Przymierze we Krwi mojej, kt\u00f3ra za was b\u0119dzie wylana\u201d (\u0141k 22, 19-20).<\/li>\n<\/ul>\n<p>Msza \u015bwi\u0119ta jest celebracj\u0105 Eucharystii i obejmuje:<\/p>\n<ul>\n<li>g\u0142oszenie s\u0142owa Bo\u017cego;<\/li>\n<li>dzi\u0119kczynienie sk\u0142adane Bogu Ojcu za wszystkie Jego dobrodziejstwa, a zw\u0142aszcza za to, \u017ce darowa\u0142 nam Syna;<\/li>\n<li>konsekracj\u0119 chleba i wina;<\/li>\n<li>uczestniczenie w uczcie liturgicznej przez przyjmowanie Cia\u0142a i Krwi Pa\u0144skiej.<\/li>\n<\/ul>\n<p>Przyjmowanie Chrystusa w Komunii \u015bwi\u0119tej:<\/p>\n<ul>\n<li>pog\u0142\u0119bia zjednoczenie z Nim,<\/li>\n<li>g\u0142adzi grzechy powszednie i chroni przed ci\u0119\u017ckimi,<\/li>\n<li>umacnia jedno\u015b\u0107 Ko\u015bcio\u0142a,<\/li>\n<li>jest zadatkiem przysz\u0142ej chwa\u0142y.<\/li>\n<\/ul>\n<p>Eucharystia to Uczta<\/p>\n<p style=\"text-align: justify;\">Uczta, bo daje pokarm. Uczt\u0105 staje si\u0119 sam B\u00f3g. \u201eJe\u017celi nie b\u0119dziecie jedli cia\u0142a Syna Cz\u0142owieczego ani nie b\u0119dziecie pili Krwi Jego nie b\u0119dziecie mieli \u017cycia w sobie&#8221; (J 6,53). Uczta, bo tworzy wsp\u00f3lnot\u0119. Przyjmowanie Chrystusa wprowadza w cz\u0142owieka w \u017cycie Bo\u017ce, w do\u015bwiadczenie Jego pe\u0142nej mi\u0142o\u015bci troski. Tak, jak Jezus \u017cyje w nieustannej relacji z Ojcem, tak samo ucze\u0144 Jezusa prze\u017cywa tak\u0105 relacj\u0119 blisko\u015bci ze swym Mistrzem. \u201eKto spo\u017cywa moje Cia\u0142o i Krew moj\u0105 pije, trwa we Mnie, a Ja w nim&#8221; (J 6,56).<\/p>\n<p>Eucharystia to Ofiara<\/p>\n<p style=\"text-align: justify;\">Sta\u0107 si\u0119 pokarmem, uczt\u0105, oznacza odda\u0107 si\u0119 ca\u0142kowicie do dyspozycji, odda\u0107 \u017cycie, przekaza\u0107 je braciom. Jezus nie umiera, ale oddaje \u017cycie, by je potem zn\u00f3w odzyska\u0107. Eucharystia to rzeczywisto\u015b\u0107 \u017cycia codziennego Eucharystia i \u017cycie codzienne przenikaj\u0105 si\u0119 wzajemnie. Jako dar ofiarny cz\u0142owiek sk\u0142ada na o\u0142tarzu to wszystko, co ma i kim jest. Symbolizuj\u0105 to postaci chleba i wina, owoce pracy r\u0105k ludzkich. Ta codzienna praca zostaje pob\u0142ogos\u0142awiona, a potem konsekrowana, przemieniona w Chrystusa. W Nim wszystko, co stanowi moje \u017cycie, ma sens, ma warto\u015b\u0107 zbawcz\u0105. Jezus, kt\u00f3ry jest Drog\u0105, chce powt\u00f3rzy\u0107 w nas sw\u00f3j styl \u017cycia. On jakby projektuje we mnie wn\u0119trze: w Eucharystii jest \u0142ask\u0105 uzdrawiaj\u0105c\u0105, dzia\u0142aj\u0105c\u0105, u\u015bwi\u0119caj\u0105c\u0105.<\/p>\n<p style=\"text-align: justify;\">Eucharystia to zadatek \u017bycia wiecznego<\/p>\n<p style=\"text-align: justify;\">To \u017cycie Jezusa, kt\u00f3rego do\u015bwiadczam w mojej codzienno\u015bci, przed\u0142u\u017ca si\u0119 na wieczno\u015b\u0107. Jezus sk\u0142ada obietnic\u0119 \u017cycia wiecznego. Ten, kto spo\u017cywa Jego Chleb b\u0119dzie \u017cy\u0142 na wieki. Jednak nie obiecuje On unikni\u0119cia \u015bmierci cia\u0142a, cierpienia doczesnego. Obiecuje prawdziwe \u017cycie, kt\u00f3re dzi\u0119ki \u0142asce wiary i decyzji cz\u0142owieka rozpoczyna si\u0119 ju\u017c teraz. \u201eKto spo\u017cywa moje Cia\u0142o i pije moj\u0105 Krew, ma \u017cycie wieczne, a Ja go wskrzesz\u0119 w dniu ostatecznym&#8221; (J 6,54).<\/p>\n<p style=\"text-align: justify;\">\u2028Eucharystia to Naj\u015bwi\u0119tszy Sakrament<\/p>\n<p style=\"text-align: justify;\">Sakrament to widzialny znak niewidzialnej \u0141aski. Tu \u0141ask\u0105 staje si\u0119 sam Chrystus. \u0141ask\u0105 daj\u0105c\u0105 \u017cycie. Eucharystia to \u015awi\u0119ta i Boska Liturgia Bo w Liturgia jest sprawowana przez Chrystusa, a we Mszy \u015awi\u0119tej On jest obecny najpe\u0142niej.<\/p>\n","protected":false},"excerpt":{"rendered":"<p>&#8222;Ja jestem chlebem \u017cywym, kt\u00f3ry zst\u0105pi\u0142 z nieba. Je\u015bli kto po\u017cywa ten chleb, b\u0119dzie \u017cy\u0142 na wieki&#8230; Kto spo\u017cywa moje Cia\u0142o i pije moj\u0105 Krew, ma \u017cycie wieczne&#8230; trwa we Mnie, a ja w nim&#8221; (J 6, 51.54.56) Dokumenty potrzebne do I Komunii \u015awi\u0119tej: Metryka chrztu (je\u015bli dziecko by\u0142o ochrzczone w innej parafii, nie w [&hellip;]<\/p>\n","protected":false},"author":2,"featured_media":796,"parent":208,"menu_order":0,"comment_status":"closed","ping_status":"closed","template":"","meta":{"footnotes":""},"class_list":["post-139","page","type-page","status-publish","has-post-thumbnail","hentry"],"_links":{"self":[{"href":"https:\/\/parafiatokarnia.pl\/index.php?rest_route=\/wp\/v2\/pages\/139","targetHints":{"allow":["GET"]}}],"collection":[{"href":"https:\/\/parafiatokarnia.pl\/index.php?rest_route=\/wp\/v2\/pages"}],"about":[{"href":"https:\/\/parafiatokarnia.pl\/index.php?rest_route=\/wp\/v2\/types\/page"}],"author":[{"embeddable":true,"href":"https:\/\/parafiatokarnia.pl\/index.php?rest_route=\/wp\/v2\/users\/2"}],"replies":[{"embeddable":true,"href":"https:\/\/parafiatokarnia.pl\/index.php?rest_route=%2Fwp%2Fv2%2Fcomments&post=139"}],"version-history":[{"count":5,"href":"https:\/\/parafiatokarnia.pl\/index.php?rest_route=\/wp\/v2\/pages\/139\/revisions"}],"predecessor-version":[{"id":757,"href":"https:\/\/parafiatokarnia.pl\/index.php?rest_route=\/wp\/v2\/pages\/139\/revisions\/757"}],"up":[{"embeddable":true,"href":"https:\/\/parafiatokarnia.pl\/index.php?rest_route=\/wp\/v2\/pages\/208"}],"wp:featuredmedia":[{"embeddable":true,"href":"https:\/\/parafiatokarnia.pl\/index.php?rest_route=\/wp\/v2\/media\/796"}],"wp:attachment":[{"href":"https:\/\/parafiatokarnia.pl\/index.php?rest_route=%2Fwp%2Fv2%2Fmedia&parent=139"}],"curies":[{"name":"wp","href":"https:\/\/api.w.org\/{rel}","templated":true}]}}