{"id":137,"date":"2015-06-09T09:31:29","date_gmt":"2015-06-09T09:31:29","guid":{"rendered":"https:\/\/parafiatokarnia.pl\/?page_id=137"},"modified":"2015-07-07T13:27:53","modified_gmt":"2015-07-07T13:27:53","slug":"bierzmowanie","status":"publish","type":"page","link":"https:\/\/parafiatokarnia.pl\/?page_id=137","title":{"rendered":"Bierzmowanie"},"content":{"rendered":"<p style=\"text-align: justify;\">Bierzmowanie jest to drugi sakrament wtajemniczenia chrze\u015bcija\u0144skiego. W tym sakramencie w szczeg\u00f3lny spos\u00f3b przychodzi do nas Duch \u015bwi\u0119ty. Konieczne jest przyj\u0119cie tego sakramentu po to, aby dope\u0142ni\u0107 \u0142aski otrzymane na chrzcie. Przyjmuj\u0105c sakrament bierzmowania stajemy si\u0119 jeszcze bardziej z\u0142\u0105czeni z Chrystusem obecnym w Ko\u015bciele. Stajem si\u0119 prawdziwymi \u015bwiatkami Chrystusa, kt\u00f3ry powo\u0142uje nas do szerzenia wiary w r\u00f3\u017cnoraki spos\u00f3b i bronienia jej.<\/p>\n<p style=\"text-align: justify;\">Sakramentu bierzmowania, podobnie jak chrztu, kt\u00f3rego jest dope\u0142nieniem, udziela si\u0119 tylko jeden raz. Wyciska on w duszy niezatarte duchowe znami\u0119, \u201ccharakter\u201d, kt\u00f3ry jest znakiem, \u017ce Jezus Chrystus naznaczy\u0142 chrze\u015bcijanina piecz\u0119ci\u0105 swego Ducha, przyoblekaj\u0105c go moc\u0105 z wysoka, aby by\u0142 Jego \u015bwiadkiem.<\/p>\n<p style=\"text-align: justify;\">Przygotowanie do bierzmowania powinno mie\u0107 na celu doprowadzenie chrze\u015bcijanina do g\u0142\u0119bszego zjednoczenia z Chrystusem, do wi\u0119kszej za\u017cy\u0142o\u015bci z Duchem \u015awi\u0119tym, Jego dzia\u0142aniem, darami i natchnieniami, aby m\u00f3g\u0142 lepiej podj\u0105\u0107 apostolsk\u0105 odpowiedzialno\u015b\u0107 \u017cycia chrze\u015bcija\u0144skiego. Katecheza przed bierzmowaniem powinna tak\u017ce stara\u0107 si\u0119 obudzi\u0107 zmys\u0142 przynale\u017cno\u015bci do Ko\u015bcio\u0142a Jezusa Chrystusa, zar\u00f3wno do Ko\u015bcio\u0142a powszechnego, jak i wsp\u00f3lnoty parafialnej. Na tej ostatniej spoczywa szczeg\u00f3lna odpowiedzialno\u015b\u0107 za przygotowanie kandydat\u00f3w do bierzmowania.<\/p>\n<p>Przyjmuj\u0105c bierzmowanie, trzeba by\u0107 w stanie \u0142aski. Nale\u017cy przyst\u0105pi\u0107 wcze\u015bniej do sakramentu pokuty, aby oczy\u015bci\u0107 si\u0119 na przyj\u0119cie daru Ducha \u015awi\u0119tego. Bardziej intensywna modlitwa powinna przygotowa\u0107 na przyj\u0119cie mocy i \u0142aski Ducha \u015awi\u0119tego w duchu uleg\u0142o\u015bci i dyspozycyjno\u015bci.<\/p>\n<p>Przy bierzmowaniu, podobnie jak przy chrzcie, kandydaci powinni poszukiwa\u0107 pomocy duchowej, wybieraj\u0105c sobie \u015bwiadka bierzmowania. Zaleca si\u0119, \u017ceby by\u0142 nim kto\u015b z rodzic\u00f3w chrzestnych, by wyra\u017anie zaznaczy\u0107 jedno\u015b\u0107 obu sakrament\u00f3w.<\/p>\n<h4 style=\"text-align: center;\">KODEKS PRAWA KANONICZNEGO<\/h4>\n<h4 style=\"text-align: center;\">NA TEMAT SAKRAMENTU BIERZMOWANIA<\/h4>\n<p style=\"text-align: justify;\">Kan. 879 &#8211; Sakrament bierzmowania; kt\u00f3ry wyciska charakter i przez kt\u00f3ry ochrzczeni, post\u0119puj\u0105c na drodze chrze\u015bcija\u0144skiego wtajemniczenia, s\u0105 ubogacani darem Ducha \u015awi\u0119tego i doskonalej \u0142\u0105cz\u0105 si\u0119 z Ko\u015bcio\u0142em, umacnia ich i \u015bci\u015blej zobowi\u0105zuje, by s\u0142owem i czynem byli \u015bwiadkami Chrystusa oraz szerzyli wiar\u0119 i jej bronili:<\/p>\n<p style=\"text-align: justify;\">Rozdzia\u0142 I<br \/>\nSPRAWOWANIE BIERZMOWANIA<br \/>\nKan. 880 &#8211; \u00a7 1. Sakrament bierzmowania jest udzielany przez namaszczenie krzy\u017cmem na czole, kt\u00f3rego dokonuje si\u0119 przez na\u0142o\u017cenie r\u0119ki i wypowiedzenie s\u0142\u00f3w przepisanych w zatwierdzonych ksi\u0119gach liturgicznych.<br \/>\n\u00a7 2. Krzy\u017cmo u\u017cywane w sakramencie bierzmowania powinno by\u0107 konsekrowane przez biskupa, chocia\u017cby sakramentu udziela\u0142 prezbiter.<br \/>\nKan. 881 &#8211; Jest wskazane, aby sakrament bierzmowania by\u0142 sprawowany w ko\u015bciele i to podczas Mszy \u015bwi\u0119tej. Jednak\u017ce dla s\u0142usznej i uzasadnionej przyczyny mo\u017ce by\u0107 udzielany poza Msz\u0105 \u015bwi\u0119t\u0105 i w jakimkolwiek odpowiednim miejscu.<\/p>\n<p style=\"text-align: justify;\">Rozdzia\u0142 II<br \/>\nSZAFARZ BIERZMOWANIA<br \/>\nKan. 882 &#8211; Zwyczajnym szafarzem sakramentu bierzmowania jest biskup. Wa\u017cnie udziela tego sakramentu r\u00f3wnie\u017c prezbiter posiadaj\u0105cy tak\u0105 w\u0142adz\u0119 na podstawie powszechnego prawa lub szczeg\u00f3lnego udzielenia ze strony kompetentnej w\u0142adzy.<br \/>\nKan. 883 &#8211; Na mocy samego prawa w\u0142adz\u0119 udzielania bierzmowania posiadaj\u0105:<br \/>\n1. w granicach swego terytorium ci, kt\u00f3rzy w prawie s\u0105 zr\u00f3wnani z biskupem diecezjalnym;<br \/>\n2. w odniesieniu do danej osoba prezbiter, kt\u00f3ry &#8211; na mocy urz\u0119du lub zlecenia biskupa diecezjalnego &#8211; udziela chrztu temu, kto przesta\u0142 by\u0107 dzieckiem albo osob\u0119 ju\u017c ochrzczon\u0105 dopuszcza do pe\u0142nej wsp\u00f3lnoty z Ko\u015bcio\u0142em katolickim;<br \/>\n3. w odniesieniu do os\u00f3b znajduj\u0105cych si\u0119 w niebezpiecze\u0144stwie \u015bmierci &#8211; proboszcz, a nawet ka\u017cdy prezbiter.<br \/>\nKan. 884 &#8211; \u00a7 1. Biskup diecezjalny powinien udziela\u0107 bierzmowania osobi\u015bcie albo zatroszczy\u0107 si\u0119 o to, by go udzieli\u0142 inny biskup. Je\u015bli tego domaga si\u0119 konieczno\u015b\u0107, mo\u017ce jednemu lub kilku okre\u015blonym prezbiterom udzieli\u0107 uprawnienia do sprawowania tego sakramentu.<br \/>\n\u00a7 2. Z wa\u017cnej przyczyny biskup oraz prezbiter, kt\u00f3ry na mocy prawa lub szczeg\u00f3lnego udzielania kompetentnej w\u0142adzy otrzyma\u0142 upowa\u017cnienie do bierzmowania, mo\u017ce w poszczeg\u00f3lnych przypadkach dobra\u0107 sobie prezbiter\u00f3w, aby razem z nim udzielali tego sakramentu.<br \/>\nKan. 885 &#8211; \u00a7 1. Biskup diecezjalny jest obowi\u0105zany troszczy\u0107 si\u0119, aby sakrament bierzmowania by\u0142 udzielony podw\u0142adnym, kt\u00f3rzy o to prosz\u0105 nale\u017cycie i rozumnie.<br \/>\n\u00a7 2. Prezbiter, kt\u00f3ry posiada to uprawnienie, powinien z niego korzysta\u0107 w odniesieniu do tych, na korzy\u015b\u0107 kt\u00f3rych zosta\u0142o mu udzielone.<br \/>\nKan. 886 &#8211; \u00a7 1. Biskup w swojej diecezji mo\u017ce zgodnie z prawem udziela\u0107 sakramentu bierzmowania tak\u017ce obcym wiernym, chyba \u017ce sprzeciwia si\u0119 temu wyra\u017any zakaz ich w\u0142asnego ordynariusza.<br \/>\n\u00a7 2. Biskup, by m\u00f3g\u0142 godziwie udziela\u0107 bierzmowania w obcej diecezji, potrzebuje przynajmniej rozumnie domniemanego zezwolenia biskupa diecezjalnego, chyba \u017ce chodzi o jego podw\u0142adnych.<br \/>\nKan. 887 &#8211; Prezbiter posiadaj\u0105cy uprawnienie do bierzmowania, na wyznaczonym mu terytorium godziwie udziela tego sakramentu tak\u017ce obcym, chyba \u017ce stoi temu na przeszkodzie zakaz ich w\u0142asnego ordynariusza. Natomiast na obcym terytorium nie mo\u017ce wa\u017cnie bierzmowa\u0107, z zachowaniem jednak przepisu kan. 883, n. 3<br \/>\nKan. 888 &#8211; Szafarze mog\u0105 udziela\u0107 bierzmowania r\u00f3wnie\u017c w miejscach wyj\u0119tych, gdy le\u017c\u0105 na terytorium, na kt\u00f3rym wolno im bierzmowa\u0107.<\/p>\n<p style=\"text-align: justify;\">Rozdzia\u0142 III<br \/>\nPRZYJMUJ\u0104CY BIERZMOWANIE<br \/>\nKan. 889 &#8211; \u00a7 1. Zdatnym do przyj\u0119cia bierzmowania jest ka\u017cdy i tylko ten, kto zosta\u0142 ochrzczony, a nie by\u0142 jeszcze bierzmowany.<br \/>\n\u00a7 2. Poza niebezpiecze\u0144stwem \u015bmierci, maj\u0105cy u\u017cywanie rozumu wtedy godziwie przyjmuje bierzmowanie, gdy jest odpowiednio pouczony, w\u0142a\u015bciwie dysponowany i mo\u017ce odnowi\u0107 przyrzeczenia chrzcielne.<br \/>\nKan. 890 &#8211; Wierni s\u0105 obowi\u0105zani przyj\u0105\u0107 ten sakrament w odpowiednim czasie. Rodzice, duszpasterze, zw\u0142aszcza proboszczowie maj\u0105 troszczy\u0107 si\u0119, \u017ceby wierni zostali w\u0142a\u015bciwie przygotowani do jego przyj\u0119cia i w odpowiednim czasie do niego przyst\u0105pili.<br \/>\nKan. 891 &#8211; Sakrament bierzmowania wierni powinni przyjmowa\u0107 w pobli\u017cu wieku rozeznania, chyba \u017ce Konferencja Episkopatu okre\u015bli\u0142a inny wiek, albo istnieje niebezpiecze\u0144stwo \u015bmierci, lub zdaniem szafarza co innego doradza powa\u017cna przyczyna.<\/p>\n<p style=\"text-align: justify;\">Rozdzia\u0142 IV<br \/>\n\u015aWIADKOWIE<br \/>\nKan.892 &#8211; Wedle mo\u017cno\u015bci bierzmowanemu powinien towarzyszy\u0107 \u015bwiadek, kt\u00f3ry ma troszczy\u0107 si\u0119, a\u017ceby bierzmowany post\u0119powa\u0142 jako prawdziwy \u015bwiadek Chrystusa i wiernie wype\u0142nia\u0142 obowi\u0105zki zwi\u0105zane z tym sakramentem.<br \/>\nKan.893 &#8211; \u00a7 1. Ten mo\u017ce spe\u0142nia\u0107 zadanie \u015bwiadka. kto wype\u0142nia warunki okre\u015blone w kan.874.<br \/>\n\u00a7 2. Wypada, aby \u015bwiadkiem by\u0142 kto\u015b z chrzestnych bierzmowanego.<\/p>\n<p style=\"text-align: justify;\">Rozdzia\u0142 V<br \/>\nSTWIERDZENIE I ZAPISANIE BIERZMOWANIA<br \/>\nKan. 894 &#8211; Co do udowodnienia udzielonego bierzmowania, nale\u017cy zachowa\u0107 przepisy kan. 876.<br \/>\nKan. 895 &#8211; Nazwiska bierzmowanych nale\u017cy zapisa\u0107 w ksi\u0119dze bierzmowanych, przechowywanej w kurii diecezjalnej albo, gdzie tak zarz\u0105dzi Konferencja Episkopatu lub biskup diecezjalny, w archiwum parafialnym, czyni\u0105c wzmiank\u0119 o szafarzu, rodzicach i \u015bwiadkach, miejscu i dacie. O udzielonym bierzmowaniu proboszcz powinien zawiadomi\u0107 proboszcza miejsca chrztu, aby m\u00f3g\u0142 dokona\u0107 adnotacji zgodnie z postanowieniem kan. 535, \u00a7 2.<br \/>\nKan. 896 &#8211; Je\u015bli miejscowy proboszcz by\u0142 nieobecny, szafarz ma obowi\u0105zek osobi\u015bcie lub przez innego powiadomi\u0107 go jak najszybciej o udzieleniu bierzmowania.<\/p>\n","protected":false},"excerpt":{"rendered":"<p>Bierzmowanie jest to drugi sakrament wtajemniczenia chrze\u015bcija\u0144skiego. W tym sakramencie w szczeg\u00f3lny spos\u00f3b przychodzi do nas Duch \u015bwi\u0119ty. Konieczne jest przyj\u0119cie tego sakramentu po to, aby dope\u0142ni\u0107 \u0142aski otrzymane na chrzcie. Przyjmuj\u0105c sakrament bierzmowania stajemy si\u0119 jeszcze bardziej z\u0142\u0105czeni z Chrystusem obecnym w Ko\u015bciele. Stajem si\u0119 prawdziwymi \u015bwiatkami Chrystusa, kt\u00f3ry powo\u0142uje nas do szerzenia wiary [&hellip;]<\/p>\n","protected":false},"author":2,"featured_media":794,"parent":208,"menu_order":0,"comment_status":"closed","ping_status":"closed","template":"","meta":{"footnotes":""},"class_list":["post-137","page","type-page","status-publish","has-post-thumbnail","hentry"],"_links":{"self":[{"href":"https:\/\/parafiatokarnia.pl\/index.php?rest_route=\/wp\/v2\/pages\/137","targetHints":{"allow":["GET"]}}],"collection":[{"href":"https:\/\/parafiatokarnia.pl\/index.php?rest_route=\/wp\/v2\/pages"}],"about":[{"href":"https:\/\/parafiatokarnia.pl\/index.php?rest_route=\/wp\/v2\/types\/page"}],"author":[{"embeddable":true,"href":"https:\/\/parafiatokarnia.pl\/index.php?rest_route=\/wp\/v2\/users\/2"}],"replies":[{"embeddable":true,"href":"https:\/\/parafiatokarnia.pl\/index.php?rest_route=%2Fwp%2Fv2%2Fcomments&post=137"}],"version-history":[{"count":10,"href":"https:\/\/parafiatokarnia.pl\/index.php?rest_route=\/wp\/v2\/pages\/137\/revisions"}],"predecessor-version":[{"id":795,"href":"https:\/\/parafiatokarnia.pl\/index.php?rest_route=\/wp\/v2\/pages\/137\/revisions\/795"}],"up":[{"embeddable":true,"href":"https:\/\/parafiatokarnia.pl\/index.php?rest_route=\/wp\/v2\/pages\/208"}],"wp:featuredmedia":[{"embeddable":true,"href":"https:\/\/parafiatokarnia.pl\/index.php?rest_route=\/wp\/v2\/media\/794"}],"wp:attachment":[{"href":"https:\/\/parafiatokarnia.pl\/index.php?rest_route=%2Fwp%2Fv2%2Fmedia&parent=137"}],"curies":[{"name":"wp","href":"https:\/\/api.w.org\/{rel}","templated":true}]}}