{"id":1006,"date":"2015-07-07T13:26:08","date_gmt":"2015-07-07T13:26:08","guid":{"rendered":"https:\/\/parafiatokarnia.pl\/?page_id=1006"},"modified":"2015-07-07T13:27:53","modified_gmt":"2015-07-07T13:27:53","slug":"dzwonnica-tysiaclecia","status":"publish","type":"page","link":"https:\/\/parafiatokarnia.pl\/?page_id=1006","title":{"rendered":"Dzwonnica Tysi\u0105clecia"},"content":{"rendered":"<p>Po usilnych staraniach trwaj\u0105cych z g\u00f3r\u0105 3 lata, w latach 1969\/70 wybudowan\u0105 pi\u0119kn\u0105 drewnian\u0105 dzwonnic\u0119, wzoruj\u0105c si\u0119 na dzwonnicy ze Spytkowic k\/ Jordanowa, jednej z najpi\u0119kniejszych z drewnianych dzwonnic w Polsce. Dzwonnic\u0119 pokryto blach\u0105 miedzian\u0105. Z biegiem lat z dzwonnicy powsta\u0142a 1 kaplica z Bolesnej cz\u0119\u015bci R\u00f3\u017ca\u0144ca &#8222;Modlitwa Chrystusa w Ogrojcu&#8221; po\u015bwi\u0119cona pami\u0119ci Um\u0119czonego i zmar\u0142ego Duchowie\u0144stwa w Tysi\u0105cleciu Polski, zw\u0142aszcza Kap\u0142an\u00f3w i Si\u00f3str rodem z Tokarni, oraz 2 Si\u00f3str, krewnych obecnego duszpasterza.<\/p>\n<p>Nowy magazyn zamieniono na drug\u0105 kaplic\u0119 &#8222;Biczowanie Jezusa&#8221; ku pami\u0119ci &#8222;Wi\u0119\u017ani\u00f3w z oboz\u00f3w koncentracyjnych i Wygna\u0144c\u00f3w Zaginionych&#8221;. W dawnej kruchcie, od\u0142\u0105czonej od ko\u015bcio\u0142a powsta\u0142a trzecia kaplica &#8222;Cierniem ukoronowania Chrystusa&#8221; upami\u0119tniaj\u0105ca Obro\u0144c\u00f3w Polski poleg\u0142ych w kraju i za granic\u0105. Za\u015b w dawnej zakrystii, r\u00f3wnie\u017c oddzielonej od ko\u015bci\u00f3\u0142ka, znajduje si\u0119 czwarta kaplica &#8222;D\u017awiganie Krzy\u017ca&#8221; ku pami\u0119ci tych, kt\u00f3rzy stracili rodzinny dom, Um\u0119czonych Rodzin i Dzieci Polskich. Na wie\u017cyczce ma\u0142y dzwonek.<\/p>\n<p>Na zewn\u0119trznej stronie prezbiterium ko\u015bci\u00f3\u0142ka powsta\u0142a zupe\u0142nie nowa, stylowa kaplica &#8222;Ukrzy\u017cowanie&#8221; jako wyraz religijnej i narodowej pami\u0119ci o Wszystkich Zmar\u0142ych w Tysi\u0105cleciu Polski.<\/p>\n<p>We wszystkich kaplicach znajduj\u0105 si\u0119 rze\u017aby ludowe, przedstawiaj\u0105ce dan\u0105 tajemnic\u0119, wykonane i ofiarowane przez tut. rze\u017abiarza i zarazem ko\u015bcielnego J\u00f3zefa Wron\u0119.<\/p>\n<p>Ponadto w kaplicy &#8211; dzwonnicy, znajduj\u0105 si\u0119 w nowym tryptyku trzy, z ok. XVIII w. rze\u017aby: Matka Bo\u017ca z Dzieci\u0105tkiem, \u015bw. Wojciech biskup m\u0119czennik, \u015bw. Stanis\u0142aw biskup m\u0119czennik, oraz Chrystus z krzy\u017cem i Anio\u0142 ze \u015bwiecami, kt\u00f3re w stanie wielkiego zniszczenia otrzymano w darze od pierwszego rektora ko\u015bcio\u0142a w Tokarni, Ks. Kan. W\u0142adys\u0142awa Ma\u0107kowskiego, w\u00f3wczas prokuratora Krakowskiego Seminarium Duchownego.<\/p>\n<p>Prace konserwatorskie przy w\/w rze\u017abach wykona\u0142 w 1973 roku J\u00f3zef Wrona pod kierunkiem konserwatora z Krakowa.<\/p>\n<p>R\u00f3wnie\u017c dzie\u0142em J\u00f3zefa Wrony jest rze\u017aba &#8222;Chrystus na osio\u0142ku palmowym&#8221;, wykonana w 1967 roku, kt\u00f3r\u0105 w czasie procesji w Niedziel\u0119 Palmow\u0105, wed\u0142ug prastarego zwyczaju, wiezie si\u0119 wok\u00f3\u0142 ko\u015bci\u00f3\u0142ka w\u015br\u00f3d barwnych palm. W procesji bierze udzia\u0142 od 1968 roku pr\u00f3cz miejscowych wiernych, wiele go\u015bci z Polski a nawet z zagranicy.<\/p>\n","protected":false},"excerpt":{"rendered":"<p>Po usilnych staraniach trwaj\u0105cych z g\u00f3r\u0105 3 lata, w latach 1969\/70 wybudowan\u0105 pi\u0119kn\u0105 drewnian\u0105 dzwonnic\u0119, wzoruj\u0105c si\u0119 na dzwonnicy ze Spytkowic k\/ Jordanowa, jednej z najpi\u0119kniejszych z drewnianych dzwonnic w Polsce. Dzwonnic\u0119 pokryto blach\u0105 miedzian\u0105. Z biegiem lat z dzwonnicy powsta\u0142a 1 kaplica z Bolesnej cz\u0119\u015bci R\u00f3\u017ca\u0144ca &#8222;Modlitwa Chrystusa w Ogrojcu&#8221; po\u015bwi\u0119cona pami\u0119ci Um\u0119czonego i [&hellip;]<\/p>\n","protected":false},"author":2,"featured_media":0,"parent":149,"menu_order":0,"comment_status":"closed","ping_status":"open","template":"","meta":{"footnotes":""},"class_list":["post-1006","page","type-page","status-publish","hentry"],"_links":{"self":[{"href":"https:\/\/parafiatokarnia.pl\/index.php?rest_route=\/wp\/v2\/pages\/1006","targetHints":{"allow":["GET"]}}],"collection":[{"href":"https:\/\/parafiatokarnia.pl\/index.php?rest_route=\/wp\/v2\/pages"}],"about":[{"href":"https:\/\/parafiatokarnia.pl\/index.php?rest_route=\/wp\/v2\/types\/page"}],"author":[{"embeddable":true,"href":"https:\/\/parafiatokarnia.pl\/index.php?rest_route=\/wp\/v2\/users\/2"}],"replies":[{"embeddable":true,"href":"https:\/\/parafiatokarnia.pl\/index.php?rest_route=%2Fwp%2Fv2%2Fcomments&post=1006"}],"version-history":[{"count":1,"href":"https:\/\/parafiatokarnia.pl\/index.php?rest_route=\/wp\/v2\/pages\/1006\/revisions"}],"predecessor-version":[{"id":1007,"href":"https:\/\/parafiatokarnia.pl\/index.php?rest_route=\/wp\/v2\/pages\/1006\/revisions\/1007"}],"up":[{"embeddable":true,"href":"https:\/\/parafiatokarnia.pl\/index.php?rest_route=\/wp\/v2\/pages\/149"}],"wp:attachment":[{"href":"https:\/\/parafiatokarnia.pl\/index.php?rest_route=%2Fwp%2Fv2%2Fmedia&parent=1006"}],"curies":[{"name":"wp","href":"https:\/\/api.w.org\/{rel}","templated":true}]}}